{"id":1229,"date":"2023-09-19T11:55:52","date_gmt":"2023-09-19T09:55:52","guid":{"rendered":"http:\/\/angello-rogow.pl\/?page_id=1229"},"modified":"2023-09-19T12:03:32","modified_gmt":"2023-09-19T10:03:32","slug":"kontakt","status":"publish","type":"page","link":"http:\/\/angello-rogow.pl\/?page_id=1229","title":{"rendered":"Kontakt"},"content":{"rendered":"\t\t<div data-elementor-type=\"wp-page\" data-elementor-id=\"1229\" class=\"elementor elementor-1229\">\n\t\t\t\t\t\t\t<div class=\"elementor-element elementor-element-63875ab e-flex e-con-boxed e-con e-parent\" data-id=\"63875ab\" data-element_type=\"container\" data-settings=\"{&quot;content_width&quot;:&quot;boxed&quot;}\" data-core-v316-plus=\"true\">\n\t\t\t\t\t<div class=\"e-con-inner\">\n\t\t\t\t<div class=\"elementor-element elementor-element-3e0ed94 elementor-widget elementor-widget-heading\" data-id=\"3e0ed94\" data-element_type=\"widget\" data-widget_type=\"heading.default\">\n\t\t\t\t<div class=\"elementor-widget-container\">\n\t\t\t<style>\/*! elementor - v3.16.0 - 14-09-2023 *\/\n.elementor-heading-title{padding:0;margin:0;line-height:1}.elementor-widget-heading .elementor-heading-title[class*=elementor-size-]>a{color:inherit;font-size:inherit;line-height:inherit}.elementor-widget-heading .elementor-heading-title.elementor-size-small{font-size:15px}.elementor-widget-heading .elementor-heading-title.elementor-size-medium{font-size:19px}.elementor-widget-heading .elementor-heading-title.elementor-size-large{font-size:29px}.elementor-widget-heading .elementor-heading-title.elementor-size-xl{font-size:39px}.elementor-widget-heading .elementor-heading-title.elementor-size-xxl{font-size:59px}<\/style><h4 class=\"elementor-heading-title elementor-size-default\">Napisz do nas<\/h4>\t\t<\/div>\n\t\t\t\t<\/div>\n\t\t\t\t\t<\/div>\n\t\t\t\t<\/div>\n\t\t<div class=\"elementor-element elementor-element-4f1beac e-flex e-con-boxed e-con e-parent\" data-id=\"4f1beac\" data-element_type=\"container\" data-settings=\"{&quot;content_width&quot;:&quot;boxed&quot;}\" data-core-v316-plus=\"true\">\n\t\t\t\t\t<div class=\"e-con-inner\">\n\t\t\t\t<div class=\"elementor-element elementor-element-4a56668 elementor-widget elementor-widget-shortcode\" data-id=\"4a56668\" data-element_type=\"widget\" data-widget_type=\"shortcode.default\">\n\t\t\t\t<div class=\"elementor-widget-container\">\n\t\t\t\t\t<div class=\"elementor-shortcode\"><div class='fluentform fluentform_wrapper_4'><form data-form_id=\"4\" id=\"fluentform_4\" class=\"frm-fluent-form fluent_form_4 ff-el-form-top ff_form_instance_4_1 ff-form-loading\" data-form_instance=\"ff_form_instance_4_1\" method=\"POST\" ><fieldset style=\"border: none!important;margin: 0!important;padding: 0!important;background-color: transparent!important;box-shadow: none!important;outline: none!important; min-inline-size: 100%;\">\n                    <legend class=\"ff_screen_reader_title\" style=\"display: block; margin: 0!important;padding: 0!important;height: 0!important;text-indent: -999999px;width: 0!important;overflow:hidden;\">formularz1<\/legend><input type='hidden' name='__fluent_form_embded_post_id' value='1229' \/><input type=\"hidden\" id=\"_fluentform_4_fluentformnonce\" name=\"_fluentform_4_fluentformnonce\" value=\"6a44cfa73c\" \/><input type=\"hidden\" name=\"_wp_http_referer\" value=\"\/index.php?rest_route=%2Fwp%2Fv2%2Fpages%2F1229\" \/><div data-type=\"name-element\" data-name=\"names_1\" class=\" ff-field_container ff-name-field-wrapper\" ><div class='ff-t-container'><div class='ff-t-cell '><div class='ff-el-group  ff-el-form-top'><div class=\"ff-el-input--label asterisk-right\"><label for='ff_4_names_1_first_name_' aria-label=\"Imi\u0119\">Imi\u0119<\/label><\/div><div class='ff-el-input--content'><input type=\"text\" name=\"names_1[first_name]\" id=\"ff_4_names_1_first_name_\" class=\"ff-el-form-control\" placeholder=\"Wpisz imi\u0119\" aria-invalid=\"false\" aria-required=false><\/div><\/div><\/div><div class='ff-t-cell '><div class='ff-el-group  ff-el-form-top'><div class=\"ff-el-input--label asterisk-right\"><label for='ff_4_names_1_last_name_' aria-label=\"Nazwisko\">Nazwisko<\/label><\/div><div class='ff-el-input--content'><input type=\"text\" name=\"names_1[last_name]\" id=\"ff_4_names_1_last_name_\" class=\"ff-el-form-control\" placeholder=\"Wpisz nazwisko\" aria-invalid=\"false\" aria-required=false><\/div><\/div><\/div><\/div><\/div><div class='ff-el-group'><div class=\"ff-el-input--label ff-el-is-required asterisk-right\"><label for='ff_4_email' aria-label=\"Email\">Email<\/label><\/div><div class='ff-el-input--content'><input type=\"email\" name=\"email\" id=\"ff_4_email\" class=\"ff-el-form-control\" placeholder=\"wpisz adres e-mail\" data-name=\"email\"  aria-invalid=\"false\" aria-required=true><\/div><\/div><div class='ff-el-group'><div class=\"ff-el-input--label ff-el-is-required asterisk-right\"><label for='ff_4_subject' aria-label=\"Temat\">Temat<\/label><\/div><div class='ff-el-input--content'><input type=\"text\" name=\"subject\" class=\"ff-el-form-control\" placeholder=\"Temat wiadomo\u015bci\" data-name=\"subject\" id=\"ff_4_subject\"  aria-invalid=\"false\" aria-required=true><\/div><\/div><div class='ff-el-group'><div class=\"ff-el-input--label ff-el-is-required asterisk-right\"><label for='ff_4_message' aria-label=\"Tre\u015b\u0107 wiadomo\u015bci\">Tre\u015b\u0107 wiadomo\u015bci<\/label><\/div><div class='ff-el-input--content'><textarea aria-invalid=\"false\" aria-required=true name=\"message\" id=\"ff_4_message\" class=\"ff-el-form-control\" placeholder=\"Wpisz wiadomo\u015b\u0107\" rows=\"4\" cols=\"2\" data-name=\"message\" ><\/textarea><\/div><\/div><div class='ff-el-group ff-text-center ff_submit_btn_wrapper'><button type=\"submit\" class=\"ff-btn ff-btn-submit ff-btn-md ff_btn_style\" >Wy\u015blij formularz<\/button><\/div><\/fieldset><\/form><div id='fluentform_4_errors' class='ff-errors-in-stack ff_form_instance_4_1 ff-form-loading_errors ff_form_instance_4_1_errors'><\/div><\/div>        <script type=\"text\/javascript\">\n            window.fluent_form_ff_form_instance_4_1 = {\"id\":\"4\",\"settings\":{\"layout\":{\"labelPlacement\":\"top\",\"helpMessagePlacement\":\"with_label\",\"errorMessagePlacement\":\"inline\",\"cssClassName\":\"\",\"asteriskPlacement\":\"asterisk-right\"},\"restrictions\":{\"denyEmptySubmission\":{\"enabled\":false}}},\"form_instance\":\"ff_form_instance_4_1\",\"form_id_selector\":\"fluentform_4\",\"rules\":{\"names_1[first_name]\":{\"required\":{\"value\":false,\"message\":\"This field is required\"}},\"names_1[middle_name]\":{\"required\":{\"value\":false,\"message\":\"This field is required\"}},\"names_1[last_name]\":{\"required\":{\"value\":false,\"message\":\"This field is required\"}},\"email\":{\"required\":{\"value\":true,\"message\":\"This field is required\"},\"email\":{\"value\":true,\"message\":\"This field must contain a valid email\"}},\"subject\":{\"required\":{\"value\":true,\"message\":\"This field is required\"}},\"message\":{\"required\":{\"value\":true,\"message\":\"This field is required\"}}}};\n                    <\/script>\n        <\/div>\n\t\t\t\t<\/div>\n\t\t\t\t<\/div>\n\t\t\t\t\t<\/div>\n\t\t\t\t<\/div>\n\t\t<div class=\"elementor-element elementor-element-25447c7 e-flex e-con-boxed e-con e-parent\" data-id=\"25447c7\" data-element_type=\"container\" data-settings=\"{&quot;content_width&quot;:&quot;boxed&quot;}\" data-core-v316-plus=\"true\">\n\t\t\t\t\t<div class=\"e-con-inner\">\n\t\t\t\t<div class=\"elementor-element elementor-element-e17d4b9 elementor-widget elementor-widget-image\" data-id=\"e17d4b9\" data-element_type=\"widget\" data-widget_type=\"image.default\">\n\t\t\t\t<div class=\"elementor-widget-container\">\n\t\t\t<style>\/*! elementor - v3.16.0 - 14-09-2023 *\/\n.elementor-widget-image{text-align:center}.elementor-widget-image a{display:inline-block}.elementor-widget-image a img[src$=\".svg\"]{width:48px}.elementor-widget-image img{vertical-align:middle;display:inline-block}<\/style>\t\t\t\t\t\t\t\t\t\t\t\t<img loading=\"lazy\" decoding=\"async\" width=\"1920\" height=\"1135\" src=\"http:\/\/angello-rogow.pl\/wp-content\/uploads\/2023\/09\/man-593333_1920.jpg\" class=\"attachment-full size-full wp-image-1225\" alt=\"\" srcset=\"http:\/\/angello-rogow.pl\/wp-content\/uploads\/2023\/09\/man-593333_1920.jpg 1920w, http:\/\/angello-rogow.pl\/wp-content\/uploads\/2023\/09\/man-593333_1920-300x177.jpg 300w, http:\/\/angello-rogow.pl\/wp-content\/uploads\/2023\/09\/man-593333_1920-1024x605.jpg 1024w, http:\/\/angello-rogow.pl\/wp-content\/uploads\/2023\/09\/man-593333_1920-768x454.jpg 768w, http:\/\/angello-rogow.pl\/wp-content\/uploads\/2023\/09\/man-593333_1920-1536x908.jpg 1536w\" sizes=\"auto, (max-width: 1920px) 100vw, 1920px\" \/>\t\t\t\t\t\t\t\t\t\t\t\t\t\t\t<\/div>\n\t\t\t\t<\/div>\n\t\t\t\t\t<\/div>\n\t\t\t\t<\/div>\n\t\t\t\t\t\t\t<\/div>\n\t\t","protected":false},"excerpt":{"rendered":"<p>Napisz do nas<\/p>\n","protected":false},"author":1,"featured_media":0,"parent":0,"menu_order":0,"comment_status":"closed","ping_status":"closed","template":"","meta":{"_kad_post_transparent":"","_kad_post_title":"hide","_kad_post_layout":"fullwidth","_kad_post_sidebar_id":"","_kad_post_content_style":"unboxed","_kad_post_vertical_padding":"hide","_kad_post_feature":"hide","_kad_post_feature_position":"","_kad_post_header":false,"_kad_post_footer":false,"footnotes":""},"class_list":["post-1229","page","type-page","status-publish","hentry"],"yoast_head":"<!-- This site is optimized with the Yoast SEO plugin v21.1 - https:\/\/yoast.com\/wordpress\/plugins\/seo\/ -->\n<title>Kontakt - ANGELLO | Dom Przyj\u0119\u0107 w Rogowie<\/title>\n<meta name=\"robots\" content=\"index, follow, max-snippet:-1, max-image-preview:large, max-video-preview:-1\" \/>\n<link rel=\"canonical\" href=\"http:\/\/angello-rogow.pl\/?page_id=1229\" \/>\n<meta property=\"og:locale\" content=\"pl_PL\" \/>\n<meta property=\"og:type\" content=\"article\" \/>\n<meta property=\"og:title\" content=\"Kontakt - ANGELLO | Dom Przyj\u0119\u0107 w Rogowie\" \/>\n<meta property=\"og:description\" content=\"Napisz do nas\" \/>\n<meta property=\"og:url\" content=\"http:\/\/angello-rogow.pl\/?page_id=1229\" \/>\n<meta property=\"og:site_name\" content=\"ANGELLO | Dom Przyj\u0119\u0107 w Rogowie\" \/>\n<meta property=\"article:modified_time\" content=\"2023-09-19T10:03:32+00:00\" \/>\n<meta property=\"og:image\" content=\"http:\/\/angello-rogow.pl\/wp-content\/uploads\/2023\/09\/man-593333_1920.jpg\" \/>\n<meta name=\"twitter:card\" content=\"summary_large_image\" \/>\n<meta name=\"twitter:label1\" content=\"Szacowany czas czytania\" \/>\n\t<meta name=\"twitter:data1\" content=\"1 minuta\" \/>\n<script type=\"application\/ld+json\" class=\"yoast-schema-graph\">{\"@context\":\"https:\/\/schema.org\",\"@graph\":[{\"@type\":\"WebPage\",\"@id\":\"http:\/\/angello-rogow.pl\/?page_id=1229\",\"url\":\"http:\/\/angello-rogow.pl\/?page_id=1229\",\"name\":\"Kontakt - ANGELLO | Dom Przyj\u0119\u0107 w Rogowie\",\"isPartOf\":{\"@id\":\"http:\/\/angello-rogow.pl\/#website\"},\"datePublished\":\"2023-09-19T09:55:52+00:00\",\"dateModified\":\"2023-09-19T10:03:32+00:00\",\"breadcrumb\":{\"@id\":\"http:\/\/angello-rogow.pl\/?page_id=1229#breadcrumb\"},\"inLanguage\":\"pl-PL\",\"potentialAction\":[{\"@type\":\"ReadAction\",\"target\":[\"http:\/\/angello-rogow.pl\/?page_id=1229\"]}]},{\"@type\":\"BreadcrumbList\",\"@id\":\"http:\/\/angello-rogow.pl\/?page_id=1229#breadcrumb\",\"itemListElement\":[{\"@type\":\"ListItem\",\"position\":1,\"name\":\"Home\",\"item\":\"http:\/\/angello-rogow.pl\/\"},{\"@type\":\"ListItem\",\"position\":2,\"name\":\"Kontakt\"}]},{\"@type\":\"WebSite\",\"@id\":\"http:\/\/angello-rogow.pl\/#website\",\"url\":\"http:\/\/angello-rogow.pl\/\",\"name\":\"Kawiarnia ANGELLO | Rog\u00f3w\",\"description\":\"\",\"publisher\":{\"@id\":\"http:\/\/angello-rogow.pl\/#organization\"},\"potentialAction\":[{\"@type\":\"SearchAction\",\"target\":{\"@type\":\"EntryPoint\",\"urlTemplate\":\"http:\/\/angello-rogow.pl\/?s={search_term_string}\"},\"query-input\":\"required name=search_term_string\"}],\"inLanguage\":\"pl-PL\"},{\"@type\":\"Organization\",\"@id\":\"http:\/\/angello-rogow.pl\/#organization\",\"name\":\"Kawiarnia Angello\",\"url\":\"http:\/\/angello-rogow.pl\/\",\"logo\":{\"@type\":\"ImageObject\",\"inLanguage\":\"pl-PL\",\"@id\":\"http:\/\/angello-rogow.pl\/#\/schema\/logo\/image\/\",\"url\":\"http:\/\/angello-rogow.pl\/wp-content\/uploads\/2023\/09\/cropped-Logo-Angello-2.png\",\"contentUrl\":\"http:\/\/angello-rogow.pl\/wp-content\/uploads\/2023\/09\/cropped-Logo-Angello-2.png\",\"width\":1082,\"height\":430,\"caption\":\"Kawiarnia Angello\"},\"image\":{\"@id\":\"http:\/\/angello-rogow.pl\/#\/schema\/logo\/image\/\"}}]}<\/script>\n<!-- \/ Yoast SEO plugin. -->","yoast_head_json":{"title":"Kontakt - ANGELLO | Dom Przyj\u0119\u0107 w Rogowie","robots":{"index":"index","follow":"follow","max-snippet":"max-snippet:-1","max-image-preview":"max-image-preview:large","max-video-preview":"max-video-preview:-1"},"canonical":"http:\/\/angello-rogow.pl\/?page_id=1229","og_locale":"pl_PL","og_type":"article","og_title":"Kontakt - ANGELLO | Dom Przyj\u0119\u0107 w Rogowie","og_description":"Napisz do nas","og_url":"http:\/\/angello-rogow.pl\/?page_id=1229","og_site_name":"ANGELLO | Dom Przyj\u0119\u0107 w Rogowie","article_modified_time":"2023-09-19T10:03:32+00:00","og_image":[{"url":"http:\/\/angello-rogow.pl\/wp-content\/uploads\/2023\/09\/man-593333_1920.jpg"}],"twitter_card":"summary_large_image","twitter_misc":{"Szacowany czas czytania":"1 minuta"},"schema":{"@context":"https:\/\/schema.org","@graph":[{"@type":"WebPage","@id":"http:\/\/angello-rogow.pl\/?page_id=1229","url":"http:\/\/angello-rogow.pl\/?page_id=1229","name":"Kontakt - ANGELLO | Dom Przyj\u0119\u0107 w Rogowie","isPartOf":{"@id":"http:\/\/angello-rogow.pl\/#website"},"datePublished":"2023-09-19T09:55:52+00:00","dateModified":"2023-09-19T10:03:32+00:00","breadcrumb":{"@id":"http:\/\/angello-rogow.pl\/?page_id=1229#breadcrumb"},"inLanguage":"pl-PL","potentialAction":[{"@type":"ReadAction","target":["http:\/\/angello-rogow.pl\/?page_id=1229"]}]},{"@type":"BreadcrumbList","@id":"http:\/\/angello-rogow.pl\/?page_id=1229#breadcrumb","itemListElement":[{"@type":"ListItem","position":1,"name":"Home","item":"http:\/\/angello-rogow.pl\/"},{"@type":"ListItem","position":2,"name":"Kontakt"}]},{"@type":"WebSite","@id":"http:\/\/angello-rogow.pl\/#website","url":"http:\/\/angello-rogow.pl\/","name":"Kawiarnia ANGELLO | Rog\u00f3w","description":"","publisher":{"@id":"http:\/\/angello-rogow.pl\/#organization"},"potentialAction":[{"@type":"SearchAction","target":{"@type":"EntryPoint","urlTemplate":"http:\/\/angello-rogow.pl\/?s={search_term_string}"},"query-input":"required name=search_term_string"}],"inLanguage":"pl-PL"},{"@type":"Organization","@id":"http:\/\/angello-rogow.pl\/#organization","name":"Kawiarnia Angello","url":"http:\/\/angello-rogow.pl\/","logo":{"@type":"ImageObject","inLanguage":"pl-PL","@id":"http:\/\/angello-rogow.pl\/#\/schema\/logo\/image\/","url":"http:\/\/angello-rogow.pl\/wp-content\/uploads\/2023\/09\/cropped-Logo-Angello-2.png","contentUrl":"http:\/\/angello-rogow.pl\/wp-content\/uploads\/2023\/09\/cropped-Logo-Angello-2.png","width":1082,"height":430,"caption":"Kawiarnia Angello"},"image":{"@id":"http:\/\/angello-rogow.pl\/#\/schema\/logo\/image\/"}}]}},"_links":{"self":[{"href":"http:\/\/angello-rogow.pl\/index.php?rest_route=\/wp\/v2\/pages\/1229","targetHints":{"allow":["GET"]}}],"collection":[{"href":"http:\/\/angello-rogow.pl\/index.php?rest_route=\/wp\/v2\/pages"}],"about":[{"href":"http:\/\/angello-rogow.pl\/index.php?rest_route=\/wp\/v2\/types\/page"}],"author":[{"embeddable":true,"href":"http:\/\/angello-rogow.pl\/index.php?rest_route=\/wp\/v2\/users\/1"}],"replies":[{"embeddable":true,"href":"http:\/\/angello-rogow.pl\/index.php?rest_route=%2Fwp%2Fv2%2Fcomments&post=1229"}],"version-history":[{"count":8,"href":"http:\/\/angello-rogow.pl\/index.php?rest_route=\/wp\/v2\/pages\/1229\/revisions"}],"predecessor-version":[{"id":1237,"href":"http:\/\/angello-rogow.pl\/index.php?rest_route=\/wp\/v2\/pages\/1229\/revisions\/1237"}],"wp:attachment":[{"href":"http:\/\/angello-rogow.pl\/index.php?rest_route=%2Fwp%2Fv2%2Fmedia&parent=1229"}],"curies":[{"name":"wp","href":"https:\/\/api.w.org\/{rel}","templated":true}]}}