{"id":1215,"date":"2023-09-19T11:10:04","date_gmt":"2023-09-19T09:10:04","guid":{"rendered":"http:\/\/angello-rogow.pl\/?page_id=1215"},"modified":"2023-09-28T15:32:46","modified_gmt":"2023-09-28T13:32:46","slug":"oferta-do-domu","status":"publish","type":"page","link":"http:\/\/angello-rogow.pl\/?page_id=1215","title":{"rendered":"Oferta do domu"},"content":{"rendered":"\t\t<div data-elementor-type=\"wp-page\" data-elementor-id=\"1215\" class=\"elementor elementor-1215\">\n\t\t\t\t\t\t\t<div class=\"elementor-element elementor-element-2b19f40 e-flex e-con-boxed e-con e-parent\" data-id=\"2b19f40\" data-element_type=\"container\" data-settings=\"{&quot;background_background&quot;:&quot;slideshow&quot;,&quot;background_slideshow_gallery&quot;:[{&quot;id&quot;:1199,&quot;url&quot;:&quot;http:\\\/\\\/angello-rogow.pl\\\/wp-content\\\/uploads\\\/2023\\\/09\\\/food-3676796_1920.jpg&quot;},{&quot;id&quot;:1200,&quot;url&quot;:&quot;http:\\\/\\\/angello-rogow.pl\\\/wp-content\\\/uploads\\\/2023\\\/09\\\/catering-2778755_1920.jpg&quot;},{&quot;id&quot;:1201,&quot;url&quot;:&quot;http:\\\/\\\/angello-rogow.pl\\\/wp-content\\\/uploads\\\/2023\\\/09\\\/buffet-1562290_1920.jpg&quot;}],&quot;content_width&quot;:&quot;boxed&quot;,&quot;background_slideshow_loop&quot;:&quot;yes&quot;,&quot;background_slideshow_slide_duration&quot;:5000,&quot;background_slideshow_slide_transition&quot;:&quot;fade&quot;,&quot;background_slideshow_transition_duration&quot;:500}\" data-core-v316-plus=\"true\">\n\t\t\t\t\t<div class=\"e-con-inner\">\n\t\t\t\t\t<\/div>\n\t\t\t\t<\/div>\n\t\t<div class=\"elementor-element elementor-element-6e72027 e-flex e-con-boxed e-con e-parent\" data-id=\"6e72027\" data-element_type=\"container\" data-settings=\"{&quot;content_width&quot;:&quot;boxed&quot;}\" data-core-v316-plus=\"true\">\n\t\t\t\t\t<div class=\"e-con-inner\">\n\t\t\t\t<div class=\"elementor-element elementor-element-0451447 elementor-widget elementor-widget-heading\" data-id=\"0451447\" data-element_type=\"widget\" data-widget_type=\"heading.default\">\n\t\t\t\t<div class=\"elementor-widget-container\">\n\t\t\t<style>\/*! elementor - v3.16.0 - 14-09-2023 *\/\n.elementor-heading-title{padding:0;margin:0;line-height:1}.elementor-widget-heading .elementor-heading-title[class*=elementor-size-]>a{color:inherit;font-size:inherit;line-height:inherit}.elementor-widget-heading .elementor-heading-title.elementor-size-small{font-size:15px}.elementor-widget-heading .elementor-heading-title.elementor-size-medium{font-size:19px}.elementor-widget-heading .elementor-heading-title.elementor-size-large{font-size:29px}.elementor-widget-heading .elementor-heading-title.elementor-size-xl{font-size:39px}.elementor-widget-heading .elementor-heading-title.elementor-size-xxl{font-size:59px}<\/style><h3 class=\"elementor-heading-title elementor-size-default\">Oferta przyj\u0119\u0107 domowych<\/h3>\t\t<\/div>\n\t\t\t\t<\/div>\n\t\t\t\t\t<\/div>\n\t\t\t\t<\/div>\n\t\t<div class=\"elementor-element elementor-element-2488601 e-flex e-con-boxed e-con e-parent\" data-id=\"2488601\" data-element_type=\"container\" data-settings=\"{&quot;content_width&quot;:&quot;boxed&quot;}\" data-core-v316-plus=\"true\">\n\t\t\t\t\t<div class=\"e-con-inner\">\n\t\t\t\t<div class=\"elementor-element elementor-element-69d6028 elementor-widget elementor-widget-accordion\" data-id=\"69d6028\" data-element_type=\"widget\" data-widget_type=\"accordion.default\">\n\t\t\t\t<div class=\"elementor-widget-container\">\n\t\t\t<style>\/*! elementor - v3.16.0 - 14-09-2023 *\/\n.elementor-accordion{text-align:left}.elementor-accordion .elementor-accordion-item{border:1px solid #d5d8dc}.elementor-accordion .elementor-accordion-item+.elementor-accordion-item{border-top:none}.elementor-accordion .elementor-tab-title{margin:0;padding:15px 20px;font-weight:700;line-height:1;cursor:pointer;outline:none}.elementor-accordion .elementor-tab-title .elementor-accordion-icon{display:inline-block;width:1.5em}.elementor-accordion .elementor-tab-title .elementor-accordion-icon svg{width:1em;height:1em}.elementor-accordion .elementor-tab-title .elementor-accordion-icon.elementor-accordion-icon-right{float:right;text-align:right}.elementor-accordion .elementor-tab-title .elementor-accordion-icon.elementor-accordion-icon-left{float:left;text-align:left}.elementor-accordion .elementor-tab-title .elementor-accordion-icon .elementor-accordion-icon-closed{display:block}.elementor-accordion .elementor-tab-title .elementor-accordion-icon .elementor-accordion-icon-opened,.elementor-accordion .elementor-tab-title.elementor-active .elementor-accordion-icon-closed{display:none}.elementor-accordion .elementor-tab-title.elementor-active .elementor-accordion-icon-opened{display:block}.elementor-accordion .elementor-tab-content{display:none;padding:15px 20px;border-top:1px solid #d5d8dc}@media (max-width:767px){.elementor-accordion .elementor-tab-title{padding:12px 15px}.elementor-accordion .elementor-tab-title .elementor-accordion-icon{width:1.2em}.elementor-accordion .elementor-tab-content{padding:7px 15px}}.e-con-inner>.elementor-widget-accordion,.e-con>.elementor-widget-accordion{width:var(--container-widget-width);--flex-grow:var(--container-widget-flex-grow)}<\/style>\t\t<div class=\"elementor-accordion\">\n\t\t\t\t\t\t\t<div class=\"elementor-accordion-item\">\n\t\t\t\t\t<div id=\"elementor-tab-title-1101\" class=\"elementor-tab-title\" data-tab=\"1\" role=\"button\" aria-controls=\"elementor-tab-content-1101\" aria-expanded=\"false\">\n\t\t\t\t\t\t\t\t\t\t\t\t\t<span class=\"elementor-accordion-icon elementor-accordion-icon-left\" aria-hidden=\"true\">\n\t\t\t\t\t\t\t\t\t\t\t\t\t\t\t<span class=\"elementor-accordion-icon-closed\"><i class=\"fas fa-plus\"><\/i><\/span>\n\t\t\t\t\t\t\t\t<span class=\"elementor-accordion-icon-opened\"><i class=\"fas fa-minus\"><\/i><\/span>\n\t\t\t\t\t\t\t\t\t\t\t\t\t\t<\/span>\n\t\t\t\t\t\t\t\t\t\t\t\t<a class=\"elementor-accordion-title\" tabindex=\"0\">Menu obiadowe<\/a>\n\t\t\t\t\t<\/div>\n\t\t\t\t\t<div id=\"elementor-tab-content-1101\" class=\"elementor-tab-content elementor-clearfix\" data-tab=\"1\" role=\"region\" aria-labelledby=\"elementor-tab-title-1101\">Lorem ipsum dolor sit amet, consectetur adipiscing elit. Ut elit tellus, luctus nec ullamcorper mattis, pulvinar dapibus leo.<\/div>\n\t\t\t\t<\/div>\n\t\t\t\t\t\t\t<div class=\"elementor-accordion-item\">\n\t\t\t\t\t<div id=\"elementor-tab-title-1102\" class=\"elementor-tab-title\" data-tab=\"2\" role=\"button\" aria-controls=\"elementor-tab-content-1102\" aria-expanded=\"false\">\n\t\t\t\t\t\t\t\t\t\t\t\t\t<span class=\"elementor-accordion-icon elementor-accordion-icon-left\" aria-hidden=\"true\">\n\t\t\t\t\t\t\t\t\t\t\t\t\t\t\t<span class=\"elementor-accordion-icon-closed\"><i class=\"fas fa-plus\"><\/i><\/span>\n\t\t\t\t\t\t\t\t<span class=\"elementor-accordion-icon-opened\"><i class=\"fas fa-minus\"><\/i><\/span>\n\t\t\t\t\t\t\t\t\t\t\t\t\t\t<\/span>\n\t\t\t\t\t\t\t\t\t\t\t\t<a class=\"elementor-accordion-title\" tabindex=\"0\">Zupy<\/a>\n\t\t\t\t\t<\/div>\n\t\t\t\t\t<div id=\"elementor-tab-content-1102\" class=\"elementor-tab-content elementor-clearfix\" data-tab=\"2\" role=\"region\" aria-labelledby=\"elementor-tab-title-1102\">Lorem ipsum dolor sit amet, consectetur adipiscing elit. Ut elit tellus, luctus nec ullamcorper mattis, pulvinar dapibus leo.<\/div>\n\t\t\t\t<\/div>\n\t\t\t\t\t\t\t\t<\/div>\n\t\t\t\t<\/div>\n\t\t\t\t<\/div>\n\t\t\t\t<div class=\"elementor-element elementor-element-b6ef8cf elementor-widget elementor-widget-image\" data-id=\"b6ef8cf\" data-element_type=\"widget\" data-widget_type=\"image.default\">\n\t\t\t\t<div class=\"elementor-widget-container\">\n\t\t\t<style>\/*! elementor - v3.16.0 - 14-09-2023 *\/\n.elementor-widget-image{text-align:center}.elementor-widget-image a{display:inline-block}.elementor-widget-image a img[src$=\".svg\"]{width:48px}.elementor-widget-image img{vertical-align:middle;display:inline-block}<\/style>\t\t\t\t\t\t\t\t\t\t\t\t<img loading=\"lazy\" decoding=\"async\" width=\"1920\" height=\"1280\" src=\"http:\/\/angello-rogow.pl\/wp-content\/uploads\/2023\/09\/chicken-2451482_1920.jpg\" class=\"attachment-full size-full wp-image-1219\" alt=\"\" srcset=\"http:\/\/angello-rogow.pl\/wp-content\/uploads\/2023\/09\/chicken-2451482_1920.jpg 1920w, http:\/\/angello-rogow.pl\/wp-content\/uploads\/2023\/09\/chicken-2451482_1920-300x200.jpg 300w, http:\/\/angello-rogow.pl\/wp-content\/uploads\/2023\/09\/chicken-2451482_1920-1024x683.jpg 1024w, http:\/\/angello-rogow.pl\/wp-content\/uploads\/2023\/09\/chicken-2451482_1920-768x512.jpg 768w, http:\/\/angello-rogow.pl\/wp-content\/uploads\/2023\/09\/chicken-2451482_1920-1536x1024.jpg 1536w\" sizes=\"auto, (max-width: 1920px) 100vw, 1920px\" \/>\t\t\t\t\t\t\t\t\t\t\t\t\t\t\t<\/div>\n\t\t\t\t<\/div>\n\t\t\t\t<div class=\"elementor-element elementor-element-7e41b47 elementor-widget elementor-widget-image\" data-id=\"7e41b47\" data-element_type=\"widget\" data-widget_type=\"image.default\">\n\t\t\t\t<div class=\"elementor-widget-container\">\n\t\t\t\t\t\t\t\t\t\t\t\t\t\t\t<img loading=\"lazy\" decoding=\"async\" width=\"1920\" height=\"1280\" src=\"http:\/\/angello-rogow.pl\/wp-content\/uploads\/2023\/09\/chicken-2451482_1920.jpg\" class=\"attachment-full size-full wp-image-1219\" alt=\"\" srcset=\"http:\/\/angello-rogow.pl\/wp-content\/uploads\/2023\/09\/chicken-2451482_1920.jpg 1920w, http:\/\/angello-rogow.pl\/wp-content\/uploads\/2023\/09\/chicken-2451482_1920-300x200.jpg 300w, http:\/\/angello-rogow.pl\/wp-content\/uploads\/2023\/09\/chicken-2451482_1920-1024x683.jpg 1024w, http:\/\/angello-rogow.pl\/wp-content\/uploads\/2023\/09\/chicken-2451482_1920-768x512.jpg 768w, http:\/\/angello-rogow.pl\/wp-content\/uploads\/2023\/09\/chicken-2451482_1920-1536x1024.jpg 1536w\" sizes=\"auto, (max-width: 1920px) 100vw, 1920px\" \/>\t\t\t\t\t\t\t\t\t\t\t\t\t\t\t<\/div>\n\t\t\t\t<\/div>\n\t\t\t\t\t<\/div>\n\t\t\t\t<\/div>\n\t\t<div class=\"elementor-element elementor-element-470c710 e-flex e-con-boxed e-con e-parent\" data-id=\"470c710\" data-element_type=\"container\" data-settings=\"{&quot;content_width&quot;:&quot;boxed&quot;}\" data-core-v316-plus=\"true\">\n\t\t\t\t\t<div class=\"e-con-inner\">\n\t\t<div class=\"elementor-element elementor-element-df11a60 e-con-full e-flex e-con e-child\" data-id=\"df11a60\" data-element_type=\"container\" data-settings=\"{&quot;content_width&quot;:&quot;full&quot;}\">\n\t\t\t\t<div class=\"elementor-element elementor-element-f57f01d elementor-widget elementor-widget-image\" data-id=\"f57f01d\" data-element_type=\"widget\" data-widget_type=\"image.default\">\n\t\t\t\t<div class=\"elementor-widget-container\">\n\t\t\t\t\t\t\t\t\t\t\t\t\t\t\t<img loading=\"lazy\" decoding=\"async\" width=\"1024\" height=\"605\" src=\"http:\/\/angello-rogow.pl\/wp-content\/uploads\/2023\/09\/man-593333_1920-1024x605.jpg\" class=\"attachment-large size-large wp-image-1225\" alt=\"\" srcset=\"http:\/\/angello-rogow.pl\/wp-content\/uploads\/2023\/09\/man-593333_1920-1024x605.jpg 1024w, http:\/\/angello-rogow.pl\/wp-content\/uploads\/2023\/09\/man-593333_1920-300x177.jpg 300w, http:\/\/angello-rogow.pl\/wp-content\/uploads\/2023\/09\/man-593333_1920-768x454.jpg 768w, http:\/\/angello-rogow.pl\/wp-content\/uploads\/2023\/09\/man-593333_1920-1536x908.jpg 1536w, http:\/\/angello-rogow.pl\/wp-content\/uploads\/2023\/09\/man-593333_1920.jpg 1920w\" sizes=\"auto, (max-width: 1024px) 100vw, 1024px\" \/>\t\t\t\t\t\t\t\t\t\t\t\t\t\t\t<\/div>\n\t\t\t\t<\/div>\n\t\t\t\t<\/div>\n\t\t<div class=\"elementor-element elementor-element-0adb9f2 e-con-full e-flex e-con e-child\" data-id=\"0adb9f2\" data-element_type=\"container\" data-settings=\"{&quot;content_width&quot;:&quot;full&quot;}\">\n\t\t\t\t<div class=\"elementor-element elementor-element-987bf84 elementor-widget elementor-widget-heading\" data-id=\"987bf84\" data-element_type=\"widget\" data-widget_type=\"heading.default\">\n\t\t\t\t<div class=\"elementor-widget-container\">\n\t\t\t<h4 class=\"elementor-heading-title elementor-size-default\"><a href=\"http:\/\/angello-rogow.pl\/?page_id=1229\">Dane teleadresowe:<br><br>Dom Przyj\u0119\u0107 ANGELLO<br><br>ul. Raciborska 30<br><br>44-364 Rog\u00f3w<br><br>tel. +48 530 000 471<br><br><br><br>napisz do NAS<\/a><\/h4>\t\t<\/div>\n\t\t\t\t<\/div>\n\t\t\t\t<\/div>\n\t\t\t\t\t<\/div>\n\t\t\t\t<\/div>\n\t\t\t\t\t\t\t<\/div>\n\t\t","protected":false},"excerpt":{"rendered":"<p>Oferta przyj\u0119\u0107 domowych Menu obiadowe Lorem ipsum dolor sit amet, consectetur adipiscing elit. Ut elit tellus, luctus nec ullamcorper mattis, pulvinar dapibus leo. Zupy Lorem ipsum dolor sit amet, consectetur adipiscing elit. Ut elit tellus, luctus nec ullamcorper mattis, pulvinar dapibus leo. Dane teleadresowe: Dom Przyj\u0119\u0107 ANGELLO ul. Raciborska 30 44-364 Rog\u00f3w tel. +48 530&#8230;<\/p>\n","protected":false},"author":1,"featured_media":0,"parent":0,"menu_order":0,"comment_status":"closed","ping_status":"closed","template":"","meta":{"_kad_post_transparent":"","_kad_post_title":"hide","_kad_post_layout":"fullwidth","_kad_post_sidebar_id":"","_kad_post_content_style":"unboxed","_kad_post_vertical_padding":"hide","_kad_post_feature":"hide","_kad_post_feature_position":"","_kad_post_header":false,"_kad_post_footer":false,"footnotes":""},"class_list":["post-1215","page","type-page","status-publish","hentry"],"yoast_head":"<!-- This site is optimized with the Yoast SEO plugin v21.1 - https:\/\/yoast.com\/wordpress\/plugins\/seo\/ -->\n<title>Oferta do domu - ANGELLO | Dom Przyj\u0119\u0107 w Rogowie<\/title>\n<meta name=\"robots\" content=\"index, follow, max-snippet:-1, max-image-preview:large, max-video-preview:-1\" \/>\n<link rel=\"canonical\" href=\"http:\/\/angello-rogow.pl\/?page_id=1215\" \/>\n<meta property=\"og:locale\" content=\"pl_PL\" \/>\n<meta property=\"og:type\" content=\"article\" \/>\n<meta property=\"og:title\" content=\"Oferta do domu - ANGELLO | Dom Przyj\u0119\u0107 w Rogowie\" \/>\n<meta property=\"og:description\" content=\"Oferta przyj\u0119\u0107 domowych Menu obiadowe Lorem ipsum dolor sit amet, consectetur adipiscing elit. Ut elit tellus, luctus nec ullamcorper mattis, pulvinar dapibus leo. Zupy Lorem ipsum dolor sit amet, consectetur adipiscing elit. Ut elit tellus, luctus nec ullamcorper mattis, pulvinar dapibus leo. Dane teleadresowe: Dom Przyj\u0119\u0107 ANGELLO ul. Raciborska 30 44-364 Rog\u00f3w tel. +48 530...\" \/>\n<meta property=\"og:url\" content=\"http:\/\/angello-rogow.pl\/?page_id=1215\" \/>\n<meta property=\"og:site_name\" content=\"ANGELLO | Dom Przyj\u0119\u0107 w Rogowie\" \/>\n<meta property=\"article:modified_time\" content=\"2023-09-28T13:32:46+00:00\" \/>\n<meta property=\"og:image\" content=\"http:\/\/angello-rogow.pl\/wp-content\/uploads\/2023\/09\/chicken-2451482_1920.jpg\" \/>\n<meta name=\"twitter:card\" content=\"summary_large_image\" \/>\n<meta name=\"twitter:label1\" content=\"Szacowany czas czytania\" \/>\n\t<meta name=\"twitter:data1\" content=\"1 minuta\" \/>\n<script type=\"application\/ld+json\" class=\"yoast-schema-graph\">{\"@context\":\"https:\/\/schema.org\",\"@graph\":[{\"@type\":\"WebPage\",\"@id\":\"http:\/\/angello-rogow.pl\/?page_id=1215\",\"url\":\"http:\/\/angello-rogow.pl\/?page_id=1215\",\"name\":\"Oferta do domu - ANGELLO | Dom Przyj\u0119\u0107 w Rogowie\",\"isPartOf\":{\"@id\":\"http:\/\/angello-rogow.pl\/#website\"},\"datePublished\":\"2023-09-19T09:10:04+00:00\",\"dateModified\":\"2023-09-28T13:32:46+00:00\",\"breadcrumb\":{\"@id\":\"http:\/\/angello-rogow.pl\/?page_id=1215#breadcrumb\"},\"inLanguage\":\"pl-PL\",\"potentialAction\":[{\"@type\":\"ReadAction\",\"target\":[\"http:\/\/angello-rogow.pl\/?page_id=1215\"]}]},{\"@type\":\"BreadcrumbList\",\"@id\":\"http:\/\/angello-rogow.pl\/?page_id=1215#breadcrumb\",\"itemListElement\":[{\"@type\":\"ListItem\",\"position\":1,\"name\":\"Home\",\"item\":\"http:\/\/angello-rogow.pl\/\"},{\"@type\":\"ListItem\",\"position\":2,\"name\":\"Oferta do domu\"}]},{\"@type\":\"WebSite\",\"@id\":\"http:\/\/angello-rogow.pl\/#website\",\"url\":\"http:\/\/angello-rogow.pl\/\",\"name\":\"Kawiarnia ANGELLO | Rog\u00f3w\",\"description\":\"\",\"publisher\":{\"@id\":\"http:\/\/angello-rogow.pl\/#organization\"},\"potentialAction\":[{\"@type\":\"SearchAction\",\"target\":{\"@type\":\"EntryPoint\",\"urlTemplate\":\"http:\/\/angello-rogow.pl\/?s={search_term_string}\"},\"query-input\":\"required name=search_term_string\"}],\"inLanguage\":\"pl-PL\"},{\"@type\":\"Organization\",\"@id\":\"http:\/\/angello-rogow.pl\/#organization\",\"name\":\"Kawiarnia Angello\",\"url\":\"http:\/\/angello-rogow.pl\/\",\"logo\":{\"@type\":\"ImageObject\",\"inLanguage\":\"pl-PL\",\"@id\":\"http:\/\/angello-rogow.pl\/#\/schema\/logo\/image\/\",\"url\":\"http:\/\/angello-rogow.pl\/wp-content\/uploads\/2023\/09\/cropped-Logo-Angello-2.png\",\"contentUrl\":\"http:\/\/angello-rogow.pl\/wp-content\/uploads\/2023\/09\/cropped-Logo-Angello-2.png\",\"width\":1082,\"height\":430,\"caption\":\"Kawiarnia Angello\"},\"image\":{\"@id\":\"http:\/\/angello-rogow.pl\/#\/schema\/logo\/image\/\"}}]}<\/script>\n<!-- \/ Yoast SEO plugin. -->","yoast_head_json":{"title":"Oferta do domu - ANGELLO | Dom Przyj\u0119\u0107 w Rogowie","robots":{"index":"index","follow":"follow","max-snippet":"max-snippet:-1","max-image-preview":"max-image-preview:large","max-video-preview":"max-video-preview:-1"},"canonical":"http:\/\/angello-rogow.pl\/?page_id=1215","og_locale":"pl_PL","og_type":"article","og_title":"Oferta do domu - ANGELLO | Dom Przyj\u0119\u0107 w Rogowie","og_description":"Oferta przyj\u0119\u0107 domowych Menu obiadowe Lorem ipsum dolor sit amet, consectetur adipiscing elit. Ut elit tellus, luctus nec ullamcorper mattis, pulvinar dapibus leo. Zupy Lorem ipsum dolor sit amet, consectetur adipiscing elit. Ut elit tellus, luctus nec ullamcorper mattis, pulvinar dapibus leo. Dane teleadresowe: Dom Przyj\u0119\u0107 ANGELLO ul. Raciborska 30 44-364 Rog\u00f3w tel. +48 530...","og_url":"http:\/\/angello-rogow.pl\/?page_id=1215","og_site_name":"ANGELLO | Dom Przyj\u0119\u0107 w Rogowie","article_modified_time":"2023-09-28T13:32:46+00:00","og_image":[{"url":"http:\/\/angello-rogow.pl\/wp-content\/uploads\/2023\/09\/chicken-2451482_1920.jpg"}],"twitter_card":"summary_large_image","twitter_misc":{"Szacowany czas czytania":"1 minuta"},"schema":{"@context":"https:\/\/schema.org","@graph":[{"@type":"WebPage","@id":"http:\/\/angello-rogow.pl\/?page_id=1215","url":"http:\/\/angello-rogow.pl\/?page_id=1215","name":"Oferta do domu - ANGELLO | Dom Przyj\u0119\u0107 w Rogowie","isPartOf":{"@id":"http:\/\/angello-rogow.pl\/#website"},"datePublished":"2023-09-19T09:10:04+00:00","dateModified":"2023-09-28T13:32:46+00:00","breadcrumb":{"@id":"http:\/\/angello-rogow.pl\/?page_id=1215#breadcrumb"},"inLanguage":"pl-PL","potentialAction":[{"@type":"ReadAction","target":["http:\/\/angello-rogow.pl\/?page_id=1215"]}]},{"@type":"BreadcrumbList","@id":"http:\/\/angello-rogow.pl\/?page_id=1215#breadcrumb","itemListElement":[{"@type":"ListItem","position":1,"name":"Home","item":"http:\/\/angello-rogow.pl\/"},{"@type":"ListItem","position":2,"name":"Oferta do domu"}]},{"@type":"WebSite","@id":"http:\/\/angello-rogow.pl\/#website","url":"http:\/\/angello-rogow.pl\/","name":"Kawiarnia ANGELLO | Rog\u00f3w","description":"","publisher":{"@id":"http:\/\/angello-rogow.pl\/#organization"},"potentialAction":[{"@type":"SearchAction","target":{"@type":"EntryPoint","urlTemplate":"http:\/\/angello-rogow.pl\/?s={search_term_string}"},"query-input":"required name=search_term_string"}],"inLanguage":"pl-PL"},{"@type":"Organization","@id":"http:\/\/angello-rogow.pl\/#organization","name":"Kawiarnia Angello","url":"http:\/\/angello-rogow.pl\/","logo":{"@type":"ImageObject","inLanguage":"pl-PL","@id":"http:\/\/angello-rogow.pl\/#\/schema\/logo\/image\/","url":"http:\/\/angello-rogow.pl\/wp-content\/uploads\/2023\/09\/cropped-Logo-Angello-2.png","contentUrl":"http:\/\/angello-rogow.pl\/wp-content\/uploads\/2023\/09\/cropped-Logo-Angello-2.png","width":1082,"height":430,"caption":"Kawiarnia Angello"},"image":{"@id":"http:\/\/angello-rogow.pl\/#\/schema\/logo\/image\/"}}]}},"_links":{"self":[{"href":"http:\/\/angello-rogow.pl\/index.php?rest_route=\/wp\/v2\/pages\/1215","targetHints":{"allow":["GET"]}}],"collection":[{"href":"http:\/\/angello-rogow.pl\/index.php?rest_route=\/wp\/v2\/pages"}],"about":[{"href":"http:\/\/angello-rogow.pl\/index.php?rest_route=\/wp\/v2\/types\/page"}],"author":[{"embeddable":true,"href":"http:\/\/angello-rogow.pl\/index.php?rest_route=\/wp\/v2\/users\/1"}],"replies":[{"embeddable":true,"href":"http:\/\/angello-rogow.pl\/index.php?rest_route=%2Fwp%2Fv2%2Fcomments&post=1215"}],"version-history":[{"count":17,"href":"http:\/\/angello-rogow.pl\/index.php?rest_route=\/wp\/v2\/pages\/1215\/revisions"}],"predecessor-version":[{"id":1266,"href":"http:\/\/angello-rogow.pl\/index.php?rest_route=\/wp\/v2\/pages\/1215\/revisions\/1266"}],"wp:attachment":[{"href":"http:\/\/angello-rogow.pl\/index.php?rest_route=%2Fwp%2Fv2%2Fmedia&parent=1215"}],"curies":[{"name":"wp","href":"https:\/\/api.w.org\/{rel}","templated":true}]}}