{"id":1109,"date":"2023-09-18T12:04:10","date_gmt":"2023-09-18T10:04:10","guid":{"rendered":"http:\/\/angello-rogow.pl\/?page_id=1109"},"modified":"2023-09-22T11:39:37","modified_gmt":"2023-09-22T09:39:37","slug":"strona-glowna","status":"publish","type":"page","link":"http:\/\/angello-rogow.pl\/","title":{"rendered":"Strona g\u0142\u00f3wna"},"content":{"rendered":"\t\t<div data-elementor-type=\"wp-page\" data-elementor-id=\"1109\" class=\"elementor elementor-1109\">\n\t\t\t\t\t\t\t<div class=\"elementor-element elementor-element-4e5d51b e-flex e-con-boxed e-con e-parent\" data-id=\"4e5d51b\" data-element_type=\"container\" data-settings=\"{&quot;background_background&quot;:&quot;slideshow&quot;,&quot;background_slideshow_gallery&quot;:[{&quot;id&quot;:1034,&quot;url&quot;:&quot;http:\\\/\\\/angello-rogow.pl\\\/wp-content\\\/uploads\\\/2023\\\/09\\\/salmon-1238667_1280.jpg&quot;},{&quot;id&quot;:1030,&quot;url&quot;:&quot;http:\\\/\\\/angello-rogow.pl\\\/wp-content\\\/uploads\\\/2023\\\/09\\\/fish-2105233_1280.jpg&quot;},{&quot;id&quot;:1029,&quot;url&quot;:&quot;http:\\\/\\\/angello-rogow.pl\\\/wp-content\\\/uploads\\\/2023\\\/09\\\/pasta-6263653_1280.jpg&quot;}],&quot;content_width&quot;:&quot;boxed&quot;,&quot;background_slideshow_loop&quot;:&quot;yes&quot;,&quot;background_slideshow_slide_duration&quot;:5000,&quot;background_slideshow_slide_transition&quot;:&quot;fade&quot;,&quot;background_slideshow_transition_duration&quot;:500}\" data-core-v316-plus=\"true\">\n\t\t\t\t\t<div class=\"e-con-inner\">\n\t\t\t\t\t<\/div>\n\t\t\t\t<\/div>\n\t\t<div class=\"elementor-element elementor-element-85634d8 e-flex e-con-boxed e-con e-parent\" data-id=\"85634d8\" data-element_type=\"container\" data-settings=\"{&quot;content_width&quot;:&quot;boxed&quot;}\" data-core-v316-plus=\"true\">\n\t\t\t\t\t<div class=\"e-con-inner\">\n\t\t\t\t<div class=\"elementor-element elementor-element-736bcc4 elementor-widget elementor-widget-heading\" data-id=\"736bcc4\" data-element_type=\"widget\" data-widget_type=\"heading.default\">\n\t\t\t\t<div class=\"elementor-widget-container\">\n\t\t\t<style>\/*! elementor - v3.16.0 - 14-09-2023 *\/\n.elementor-heading-title{padding:0;margin:0;line-height:1}.elementor-widget-heading .elementor-heading-title[class*=elementor-size-]>a{color:inherit;font-size:inherit;line-height:inherit}.elementor-widget-heading .elementor-heading-title.elementor-size-small{font-size:15px}.elementor-widget-heading .elementor-heading-title.elementor-size-medium{font-size:19px}.elementor-widget-heading .elementor-heading-title.elementor-size-large{font-size:29px}.elementor-widget-heading .elementor-heading-title.elementor-size-xl{font-size:39px}.elementor-widget-heading .elementor-heading-title.elementor-size-xxl{font-size:59px}<\/style><h2 class=\"elementor-heading-title elementor-size-default\">Zapraszamy do ANGELLO<\/h2>\t\t<\/div>\n\t\t\t\t<\/div>\n\t\t\t\t\t<\/div>\n\t\t\t\t<\/div>\n\t\t<div class=\"elementor-element elementor-element-62b69f8 e-flex e-con-boxed e-con e-parent\" data-id=\"62b69f8\" data-element_type=\"container\" data-settings=\"{&quot;content_width&quot;:&quot;boxed&quot;}\" data-core-v316-plus=\"true\">\n\t\t\t\t\t<div class=\"e-con-inner\">\n\t\t\t\t<div class=\"elementor-element elementor-element-0f02884 elementor-widget elementor-widget-text-editor\" data-id=\"0f02884\" data-element_type=\"widget\" data-widget_type=\"text-editor.default\">\n\t\t\t\t<div class=\"elementor-widget-container\">\n\t\t\t<style>\/*! elementor - v3.16.0 - 14-09-2023 *\/\n.elementor-widget-text-editor.elementor-drop-cap-view-stacked .elementor-drop-cap{background-color:#69727d;color:#fff}.elementor-widget-text-editor.elementor-drop-cap-view-framed .elementor-drop-cap{color:#69727d;border:3px solid;background-color:transparent}.elementor-widget-text-editor:not(.elementor-drop-cap-view-default) .elementor-drop-cap{margin-top:8px}.elementor-widget-text-editor:not(.elementor-drop-cap-view-default) .elementor-drop-cap-letter{width:1em;height:1em}.elementor-widget-text-editor .elementor-drop-cap{float:left;text-align:center;line-height:1;font-size:50px}.elementor-widget-text-editor .elementor-drop-cap-letter{display:inline-block}<\/style>\t\t\t\t<p>Nasz\u0105 misj\u0105 jest dostarczy\u0107 najwy\u017csz\u0105 jako\u015b\u0107 us\u0142ug spe\u0142niaj\u0105c wszystkie oczekiwania go\u015bci. Dom Przyj\u0119\u0107 ANGELLO organizuje imprezy okoliczno\u015bciowe takie jak:<\/p><ul><li>Wesela,<\/li><li>Uodziny,<\/li><li>Chrzciny,<\/li><li>Stypy,<\/li><li>Rocznice,<\/li><li>Inne imprezy zamkni\u0119te.<\/li><\/ul><p>Cieszymy si\u0119 dobr\u0105 opini\u0105 w\u015br\u00f3d klient\u00f3w. Staramy si\u0119 zaspokoi\u0107 wszelkie potrzeby i sugestie go\u015bci. Chcemy, by kuchnia prowadzona by\u0142a zgodnie z wszystkimi zasadami higieny i estetyki pracy.<\/p><p>Ilo\u015b\u0107 przygotowanych posi\u0142k\u00f3w w naszym lokalu uzale\u017cniona jest od zam\u00f3wie\u0144 indywidualnych oraz rodzaju organizowanej imprezy. Oferujemy r\u00f3\u017cnego rodzaju zestawy \u2013 od obiad\u00f3w czy gor\u0105cych kolacji, zimne przystawki (tzw. \u201ezimna p\u0142yta\u201d), a tak\u017ce desery i lody. Dob\u00f3r potraw zale\u017cy od zam\u00f3wienia klienta. Jeste\u015bmy w stanie sprosta\u0107 sugestiom zamawiaj\u0105cego, ale tak\u017ce mo\u017cemy doradzi\u0107 dob\u00f3r menu w zale\u017cno\u015bci od rodzaju wydarzenia.<\/p><p>Zapraszamy do wsp\u00f3\u0142pracy. Zesp\u00f3\u0142 ANGELLO.<\/p>\t\t\t\t\t\t<\/div>\n\t\t\t\t<\/div>\n\t\t\t\t\t<\/div>\n\t\t\t\t<\/div>\n\t\t<div class=\"elementor-element elementor-element-0a1e06d e-flex e-con-boxed e-con e-parent\" data-id=\"0a1e06d\" data-element_type=\"container\" data-settings=\"{&quot;content_width&quot;:&quot;boxed&quot;}\" data-core-v316-plus=\"true\">\n\t\t\t\t\t<div class=\"e-con-inner\">\n\t\t\t\t<div class=\"elementor-element elementor-element-5dac8e7 elementor-widget elementor-widget-image-carousel\" data-id=\"5dac8e7\" data-element_type=\"widget\" data-settings=\"{&quot;slides_to_show&quot;:&quot;5&quot;,&quot;navigation&quot;:&quot;none&quot;,&quot;autoplay&quot;:&quot;yes&quot;,&quot;pause_on_hover&quot;:&quot;yes&quot;,&quot;pause_on_interaction&quot;:&quot;yes&quot;,&quot;autoplay_speed&quot;:5000,&quot;infinite&quot;:&quot;yes&quot;,&quot;speed&quot;:500}\" data-widget_type=\"image-carousel.default\">\n\t\t\t\t<div class=\"elementor-widget-container\">\n\t\t\t<style>\/*! elementor - v3.16.0 - 14-09-2023 *\/\n.elementor-widget-image-carousel .swiper,.elementor-widget-image-carousel .swiper-container{position:static}.elementor-widget-image-carousel .swiper-container .swiper-slide figure,.elementor-widget-image-carousel .swiper .swiper-slide figure{line-height:inherit}.elementor-widget-image-carousel .swiper-slide{text-align:center}.elementor-image-carousel-wrapper:not(.swiper-container-initialized):not(.swiper-initialized) .swiper-slide{max-width:calc(100% \/ var(--e-image-carousel-slides-to-show, 3))}<\/style>\t\t<div class=\"elementor-image-carousel-wrapper swiper\" dir=\"ltr\">\n\t\t\t<div class=\"elementor-image-carousel swiper-wrapper\" aria-live=\"off\">\n\t\t\t\t\t\t\t\t<div class=\"swiper-slide\" role=\"group\" aria-roledescription=\"slide\" aria-label=\"1 of 6\"><a data-elementor-open-lightbox=\"yes\" data-elementor-lightbox-slideshow=\"5dac8e7\" data-elementor-lightbox-title=\"salad-569156_1280\" data-e-action-hash=\"#elementor-action%3Aaction%3Dlightbox%26settings%3DeyJpZCI6MTAyNywidXJsIjoiaHR0cDpcL1wvYW5nZWxsby1yb2dvdy5wbFwvd3AtY29udGVudFwvdXBsb2Fkc1wvMjAyM1wvMDlcL3NhbGFkLTU2OTE1Nl8xMjgwLmpwZyIsInNsaWRlc2hvdyI6IjVkYWM4ZTcifQ%3D%3D\" href=\"http:\/\/angello-rogow.pl\/wp-content\/uploads\/2023\/09\/salad-569156_1280.jpg\"><figure class=\"swiper-slide-inner\"><img decoding=\"async\" class=\"swiper-slide-image\" src=\"http:\/\/angello-rogow.pl\/wp-content\/uploads\/elementor\/thumbs\/salad-569156_1280-qcjb6ewgw94rgchmumrbc26jeo0xaucxst2wsu7pao.jpg\" alt=\"salad-569156_1280\" \/><\/figure><\/a><\/div><div class=\"swiper-slide\" role=\"group\" aria-roledescription=\"slide\" aria-label=\"2 of 6\"><a data-elementor-open-lightbox=\"yes\" data-elementor-lightbox-slideshow=\"5dac8e7\" data-elementor-lightbox-title=\"beef-20678_1280\" data-e-action-hash=\"#elementor-action%3Aaction%3Dlightbox%26settings%3DeyJpZCI6MTAzMywidXJsIjoiaHR0cDpcL1wvYW5nZWxsby1yb2dvdy5wbFwvd3AtY29udGVudFwvdXBsb2Fkc1wvMjAyM1wvMDlcL2JlZWYtMjA2NzhfMTI4MC5qcGciLCJzbGlkZXNob3ciOiI1ZGFjOGU3In0%3D\" href=\"http:\/\/angello-rogow.pl\/wp-content\/uploads\/2023\/09\/beef-20678_1280.jpg\"><figure class=\"swiper-slide-inner\"><img decoding=\"async\" class=\"swiper-slide-image\" src=\"http:\/\/angello-rogow.pl\/wp-content\/uploads\/elementor\/thumbs\/beef-20678_1280-qcjbb6wxmxo8gzjry741icrw46h3fgbtgggrmh4no0.jpg\" alt=\"beef-20678_1280\" \/><\/figure><\/a><\/div><div class=\"swiper-slide\" role=\"group\" aria-roledescription=\"slide\" aria-label=\"3 of 6\"><a data-elementor-open-lightbox=\"yes\" data-elementor-lightbox-slideshow=\"5dac8e7\" data-elementor-lightbox-title=\"fish-2105233_1280\" data-e-action-hash=\"#elementor-action%3Aaction%3Dlightbox%26settings%3DeyJpZCI6MTAzMCwidXJsIjoiaHR0cDpcL1wvYW5nZWxsby1yb2dvdy5wbFwvd3AtY29udGVudFwvdXBsb2Fkc1wvMjAyM1wvMDlcL2Zpc2gtMjEwNTIzM18xMjgwLmpwZyIsInNsaWRlc2hvdyI6IjVkYWM4ZTcifQ%3D%3D\" href=\"http:\/\/angello-rogow.pl\/wp-content\/uploads\/2023\/09\/fish-2105233_1280.jpg\"><figure class=\"swiper-slide-inner\"><img decoding=\"async\" class=\"swiper-slide-image\" src=\"http:\/\/angello-rogow.pl\/wp-content\/uploads\/elementor\/thumbs\/fish-2105233_1280-qcjb87rbztljpfvfbwskm3tce9591yif1q3ewxjjdc.jpg\" alt=\"fish-2105233_1280\" \/><\/figure><\/a><\/div><div class=\"swiper-slide\" role=\"group\" aria-roledescription=\"slide\" aria-label=\"4 of 6\"><a data-elementor-open-lightbox=\"yes\" data-elementor-lightbox-slideshow=\"5dac8e7\" data-elementor-lightbox-title=\"pasta-6263653_1280\" data-e-action-hash=\"#elementor-action%3Aaction%3Dlightbox%26settings%3DeyJpZCI6MTAyOSwidXJsIjoiaHR0cDpcL1wvYW5nZWxsby1yb2dvdy5wbFwvd3AtY29udGVudFwvdXBsb2Fkc1wvMjAyM1wvMDlcL3Bhc3RhLTYyNjM2NTNfMTI4MC5qcGciLCJzbGlkZXNob3ciOiI1ZGFjOGU3In0%3D\" href=\"http:\/\/angello-rogow.pl\/wp-content\/uploads\/2023\/09\/pasta-6263653_1280.jpg\"><figure class=\"swiper-slide-inner\"><img decoding=\"async\" class=\"swiper-slide-image\" src=\"http:\/\/angello-rogow.pl\/wp-content\/uploads\/elementor\/thumbs\/pasta-6263653_1280-qcjb73c9ty27u7i4vxbm4w0iuooguz1yk61ja17gsw.jpg\" alt=\"pasta-6263653_1280\" \/><\/figure><\/a><\/div><div class=\"swiper-slide\" role=\"group\" aria-roledescription=\"slide\" aria-label=\"5 of 6\"><a data-elementor-open-lightbox=\"yes\" data-elementor-lightbox-slideshow=\"5dac8e7\" data-elementor-lightbox-title=\"product_11\" data-e-action-hash=\"#elementor-action%3Aaction%3Dlightbox%26settings%3DeyJpZCI6OTYwLCJ1cmwiOiJodHRwOlwvXC9hbmdlbGxvLXJvZ293LnBsXC93cC1jb250ZW50XC91cGxvYWRzXC8yMDIwXC8xMlwvcHJvZHVjdF8xMS5qcGciLCJzbGlkZXNob3ciOiI1ZGFjOGU3In0%3D\" href=\"http:\/\/angello-rogow.pl\/wp-content\/uploads\/2020\/12\/product_11.jpg\"><figure class=\"swiper-slide-inner\"><img decoding=\"async\" class=\"swiper-slide-image\" src=\"http:\/\/angello-rogow.pl\/wp-content\/uploads\/elementor\/thumbs\/product_11-qcj403v4s9j2y1p06h75mqrelr6p17wemb4c2f7h74.jpg\" alt=\"product_11\" \/><\/figure><\/a><\/div><div class=\"swiper-slide\" role=\"group\" aria-roledescription=\"slide\" aria-label=\"6 of 6\"><a data-elementor-open-lightbox=\"yes\" data-elementor-lightbox-slideshow=\"5dac8e7\" data-elementor-lightbox-title=\"salmon-1238667_1280\" data-e-action-hash=\"#elementor-action%3Aaction%3Dlightbox%26settings%3DeyJpZCI6MTAzNCwidXJsIjoiaHR0cDpcL1wvYW5nZWxsby1yb2dvdy5wbFwvd3AtY29udGVudFwvdXBsb2Fkc1wvMjAyM1wvMDlcL3NhbG1vbi0xMjM4NjY3XzEyODAuanBnIiwic2xpZGVzaG93IjoiNWRhYzhlNyJ9\" href=\"http:\/\/angello-rogow.pl\/wp-content\/uploads\/2023\/09\/salmon-1238667_1280.jpg\"><figure class=\"swiper-slide-inner\"><img decoding=\"async\" class=\"swiper-slide-image\" src=\"http:\/\/angello-rogow.pl\/wp-content\/uploads\/elementor\/thumbs\/salmon-1238667_1280-qcjbeiafqw7nfgqdl4pnt0nfk44pl0hq8vbfkm7nps.jpg\" alt=\"salmon-1238667_1280\" \/><\/figure><\/a><\/div>\t\t\t<\/div>\n\t\t\t\t\t\t\t\n\t\t\t\t\t\t\t\t\t<\/div>\n\t\t\t\t<\/div>\n\t\t\t\t<\/div>\n\t\t\t\t\t<\/div>\n\t\t\t\t<\/div>\n\t\t\t\t\t\t\t<\/div>\n\t\t","protected":false},"excerpt":{"rendered":"<p>Zapraszamy do ANGELLO Nasz\u0105 misj\u0105 jest dostarczy\u0107 najwy\u017csz\u0105 jako\u015b\u0107 us\u0142ug spe\u0142niaj\u0105c wszystkie oczekiwania go\u015bci. Dom Przyj\u0119\u0107 ANGELLO organizuje imprezy okoliczno\u015bciowe takie jak: Wesela, Uodziny, Chrzciny, Stypy, Rocznice, Inne imprezy zamkni\u0119te. Cieszymy si\u0119 dobr\u0105 opini\u0105 w\u015br\u00f3d klient\u00f3w. Staramy si\u0119 zaspokoi\u0107 wszelkie potrzeby i sugestie go\u015bci. Chcemy, by kuchnia prowadzona by\u0142a zgodnie z wszystkimi zasadami higieny i&#8230;<\/p>\n","protected":false},"author":1,"featured_media":0,"parent":0,"menu_order":0,"comment_status":"closed","ping_status":"closed","template":"","meta":{"_kad_post_transparent":"","_kad_post_title":"hide","_kad_post_layout":"fullwidth","_kad_post_sidebar_id":"","_kad_post_content_style":"unboxed","_kad_post_vertical_padding":"hide","_kad_post_feature":"hide","_kad_post_feature_position":"","_kad_post_header":false,"_kad_post_footer":false,"footnotes":""},"class_list":["post-1109","page","type-page","status-publish","hentry"],"yoast_head":"<!-- This site is optimized with the Yoast SEO plugin v21.1 - https:\/\/yoast.com\/wordpress\/plugins\/seo\/ -->\n<title>Strona g\u0142\u00f3wna - ANGELLO | Dom Przyj\u0119\u0107 w Rogowie<\/title>\n<meta name=\"robots\" content=\"index, follow, max-snippet:-1, max-image-preview:large, max-video-preview:-1\" \/>\n<link rel=\"canonical\" href=\"http:\/\/angello-rogow.pl\/\" \/>\n<meta property=\"og:locale\" content=\"pl_PL\" \/>\n<meta property=\"og:type\" content=\"article\" \/>\n<meta property=\"og:title\" content=\"Strona g\u0142\u00f3wna - ANGELLO | Dom Przyj\u0119\u0107 w Rogowie\" \/>\n<meta property=\"og:description\" content=\"Zapraszamy do ANGELLO Nasz\u0105 misj\u0105 jest dostarczy\u0107 najwy\u017csz\u0105 jako\u015b\u0107 us\u0142ug spe\u0142niaj\u0105c wszystkie oczekiwania go\u015bci. Dom Przyj\u0119\u0107 ANGELLO organizuje imprezy okoliczno\u015bciowe takie jak: Wesela, Uodziny, Chrzciny, Stypy, Rocznice, Inne imprezy zamkni\u0119te. Cieszymy si\u0119 dobr\u0105 opini\u0105 w\u015br\u00f3d klient\u00f3w. Staramy si\u0119 zaspokoi\u0107 wszelkie potrzeby i sugestie go\u015bci. Chcemy, by kuchnia prowadzona by\u0142a zgodnie z wszystkimi zasadami higieny i...\" \/>\n<meta property=\"og:url\" content=\"http:\/\/angello-rogow.pl\/\" \/>\n<meta property=\"og:site_name\" content=\"ANGELLO | Dom Przyj\u0119\u0107 w Rogowie\" \/>\n<meta property=\"article:modified_time\" content=\"2023-09-22T09:39:37+00:00\" \/>\n<meta property=\"og:image\" content=\"http:\/\/angello-rogow.pl\/wp-content\/uploads\/elementor\/thumbs\/salad-569156_1280-qcjb6ewgw94rgchmumrbc26jeo0xaucxst2wsu7pao.jpg\" \/>\n<meta name=\"twitter:card\" content=\"summary_large_image\" \/>\n<meta name=\"twitter:label1\" content=\"Szacowany czas czytania\" \/>\n\t<meta name=\"twitter:data1\" content=\"4 minuty\" \/>\n<script type=\"application\/ld+json\" class=\"yoast-schema-graph\">{\"@context\":\"https:\/\/schema.org\",\"@graph\":[{\"@type\":\"WebPage\",\"@id\":\"http:\/\/angello-rogow.pl\/\",\"url\":\"http:\/\/angello-rogow.pl\/\",\"name\":\"Strona g\u0142\u00f3wna - ANGELLO | Dom Przyj\u0119\u0107 w Rogowie\",\"isPartOf\":{\"@id\":\"http:\/\/angello-rogow.pl\/#website\"},\"datePublished\":\"2023-09-18T10:04:10+00:00\",\"dateModified\":\"2023-09-22T09:39:37+00:00\",\"breadcrumb\":{\"@id\":\"http:\/\/angello-rogow.pl\/#breadcrumb\"},\"inLanguage\":\"pl-PL\",\"potentialAction\":[{\"@type\":\"ReadAction\",\"target\":[\"http:\/\/angello-rogow.pl\/\"]}]},{\"@type\":\"BreadcrumbList\",\"@id\":\"http:\/\/angello-rogow.pl\/#breadcrumb\",\"itemListElement\":[{\"@type\":\"ListItem\",\"position\":1,\"name\":\"Home\",\"item\":\"http:\/\/angello-rogow.pl\/\"},{\"@type\":\"ListItem\",\"position\":2,\"name\":\"Strona g\u0142\u00f3wna\"}]},{\"@type\":\"WebSite\",\"@id\":\"http:\/\/angello-rogow.pl\/#website\",\"url\":\"http:\/\/angello-rogow.pl\/\",\"name\":\"Kawiarnia ANGELLO | Rog\u00f3w\",\"description\":\"\",\"publisher\":{\"@id\":\"http:\/\/angello-rogow.pl\/#organization\"},\"potentialAction\":[{\"@type\":\"SearchAction\",\"target\":{\"@type\":\"EntryPoint\",\"urlTemplate\":\"http:\/\/angello-rogow.pl\/?s={search_term_string}\"},\"query-input\":\"required name=search_term_string\"}],\"inLanguage\":\"pl-PL\"},{\"@type\":\"Organization\",\"@id\":\"http:\/\/angello-rogow.pl\/#organization\",\"name\":\"Kawiarnia Angello\",\"url\":\"http:\/\/angello-rogow.pl\/\",\"logo\":{\"@type\":\"ImageObject\",\"inLanguage\":\"pl-PL\",\"@id\":\"http:\/\/angello-rogow.pl\/#\/schema\/logo\/image\/\",\"url\":\"http:\/\/angello-rogow.pl\/wp-content\/uploads\/2023\/09\/cropped-Logo-Angello-2.png\",\"contentUrl\":\"http:\/\/angello-rogow.pl\/wp-content\/uploads\/2023\/09\/cropped-Logo-Angello-2.png\",\"width\":1082,\"height\":430,\"caption\":\"Kawiarnia Angello\"},\"image\":{\"@id\":\"http:\/\/angello-rogow.pl\/#\/schema\/logo\/image\/\"}}]}<\/script>\n<!-- \/ Yoast SEO plugin. -->","yoast_head_json":{"title":"Strona g\u0142\u00f3wna - ANGELLO | Dom Przyj\u0119\u0107 w Rogowie","robots":{"index":"index","follow":"follow","max-snippet":"max-snippet:-1","max-image-preview":"max-image-preview:large","max-video-preview":"max-video-preview:-1"},"canonical":"http:\/\/angello-rogow.pl\/","og_locale":"pl_PL","og_type":"article","og_title":"Strona g\u0142\u00f3wna - ANGELLO | Dom Przyj\u0119\u0107 w Rogowie","og_description":"Zapraszamy do ANGELLO Nasz\u0105 misj\u0105 jest dostarczy\u0107 najwy\u017csz\u0105 jako\u015b\u0107 us\u0142ug spe\u0142niaj\u0105c wszystkie oczekiwania go\u015bci. Dom Przyj\u0119\u0107 ANGELLO organizuje imprezy okoliczno\u015bciowe takie jak: Wesela, Uodziny, Chrzciny, Stypy, Rocznice, Inne imprezy zamkni\u0119te. Cieszymy si\u0119 dobr\u0105 opini\u0105 w\u015br\u00f3d klient\u00f3w. Staramy si\u0119 zaspokoi\u0107 wszelkie potrzeby i sugestie go\u015bci. Chcemy, by kuchnia prowadzona by\u0142a zgodnie z wszystkimi zasadami higieny i...","og_url":"http:\/\/angello-rogow.pl\/","og_site_name":"ANGELLO | Dom Przyj\u0119\u0107 w Rogowie","article_modified_time":"2023-09-22T09:39:37+00:00","og_image":[{"url":"http:\/\/angello-rogow.pl\/wp-content\/uploads\/elementor\/thumbs\/salad-569156_1280-qcjb6ewgw94rgchmumrbc26jeo0xaucxst2wsu7pao.jpg"}],"twitter_card":"summary_large_image","twitter_misc":{"Szacowany czas czytania":"4 minuty"},"schema":{"@context":"https:\/\/schema.org","@graph":[{"@type":"WebPage","@id":"http:\/\/angello-rogow.pl\/","url":"http:\/\/angello-rogow.pl\/","name":"Strona g\u0142\u00f3wna - ANGELLO | Dom Przyj\u0119\u0107 w Rogowie","isPartOf":{"@id":"http:\/\/angello-rogow.pl\/#website"},"datePublished":"2023-09-18T10:04:10+00:00","dateModified":"2023-09-22T09:39:37+00:00","breadcrumb":{"@id":"http:\/\/angello-rogow.pl\/#breadcrumb"},"inLanguage":"pl-PL","potentialAction":[{"@type":"ReadAction","target":["http:\/\/angello-rogow.pl\/"]}]},{"@type":"BreadcrumbList","@id":"http:\/\/angello-rogow.pl\/#breadcrumb","itemListElement":[{"@type":"ListItem","position":1,"name":"Home","item":"http:\/\/angello-rogow.pl\/"},{"@type":"ListItem","position":2,"name":"Strona g\u0142\u00f3wna"}]},{"@type":"WebSite","@id":"http:\/\/angello-rogow.pl\/#website","url":"http:\/\/angello-rogow.pl\/","name":"Kawiarnia ANGELLO | Rog\u00f3w","description":"","publisher":{"@id":"http:\/\/angello-rogow.pl\/#organization"},"potentialAction":[{"@type":"SearchAction","target":{"@type":"EntryPoint","urlTemplate":"http:\/\/angello-rogow.pl\/?s={search_term_string}"},"query-input":"required name=search_term_string"}],"inLanguage":"pl-PL"},{"@type":"Organization","@id":"http:\/\/angello-rogow.pl\/#organization","name":"Kawiarnia Angello","url":"http:\/\/angello-rogow.pl\/","logo":{"@type":"ImageObject","inLanguage":"pl-PL","@id":"http:\/\/angello-rogow.pl\/#\/schema\/logo\/image\/","url":"http:\/\/angello-rogow.pl\/wp-content\/uploads\/2023\/09\/cropped-Logo-Angello-2.png","contentUrl":"http:\/\/angello-rogow.pl\/wp-content\/uploads\/2023\/09\/cropped-Logo-Angello-2.png","width":1082,"height":430,"caption":"Kawiarnia Angello"},"image":{"@id":"http:\/\/angello-rogow.pl\/#\/schema\/logo\/image\/"}}]}},"_links":{"self":[{"href":"http:\/\/angello-rogow.pl\/index.php?rest_route=\/wp\/v2\/pages\/1109","targetHints":{"allow":["GET"]}}],"collection":[{"href":"http:\/\/angello-rogow.pl\/index.php?rest_route=\/wp\/v2\/pages"}],"about":[{"href":"http:\/\/angello-rogow.pl\/index.php?rest_route=\/wp\/v2\/types\/page"}],"author":[{"embeddable":true,"href":"http:\/\/angello-rogow.pl\/index.php?rest_route=\/wp\/v2\/users\/1"}],"replies":[{"embeddable":true,"href":"http:\/\/angello-rogow.pl\/index.php?rest_route=%2Fwp%2Fv2%2Fcomments&post=1109"}],"version-history":[{"count":25,"href":"http:\/\/angello-rogow.pl\/index.php?rest_route=\/wp\/v2\/pages\/1109\/revisions"}],"predecessor-version":[{"id":1257,"href":"http:\/\/angello-rogow.pl\/index.php?rest_route=\/wp\/v2\/pages\/1109\/revisions\/1257"}],"wp:attachment":[{"href":"http:\/\/angello-rogow.pl\/index.php?rest_route=%2Fwp%2Fv2%2Fmedia&parent=1109"}],"curies":[{"name":"wp","href":"https:\/\/api.w.org\/{rel}","templated":true}]}}