{"id":1063,"date":"2023-09-17T12:14:02","date_gmt":"2023-09-17T10:14:02","guid":{"rendered":"http:\/\/angello-rogow.pl\/?page_id=1063"},"modified":"2023-09-19T07:52:45","modified_gmt":"2023-09-19T05:52:45","slug":"nasza-oferta","status":"publish","type":"page","link":"http:\/\/angello-rogow.pl\/?page_id=1063","title":{"rendered":"Nasza oferta"},"content":{"rendered":"\t\t<div data-elementor-type=\"wp-page\" data-elementor-id=\"1063\" class=\"elementor elementor-1063\">\n\t\t\t\t\t\t\t<div class=\"elementor-element elementor-element-cd28029 e-flex e-con-boxed e-con e-parent\" data-id=\"cd28029\" data-element_type=\"container\" data-settings=\"{&quot;background_background&quot;:&quot;slideshow&quot;,&quot;background_slideshow_gallery&quot;:[{&quot;id&quot;:1166,&quot;url&quot;:&quot;http:\\\/\\\/angello-rogow.pl\\\/wp-content\\\/uploads\\\/2023\\\/09\\\/drinks-1283608_1920.jpg&quot;},{&quot;id&quot;:1167,&quot;url&quot;:&quot;http:\\\/\\\/angello-rogow.pl\\\/wp-content\\\/uploads\\\/2023\\\/09\\\/shish-kebab-417994_1920.jpg&quot;},{&quot;id&quot;:1168,&quot;url&quot;:&quot;http:\\\/\\\/angello-rogow.pl\\\/wp-content\\\/uploads\\\/2023\\\/09\\\/place-setting-2110245_1920.jpg&quot;}],&quot;content_width&quot;:&quot;boxed&quot;,&quot;background_slideshow_loop&quot;:&quot;yes&quot;,&quot;background_slideshow_slide_duration&quot;:5000,&quot;background_slideshow_slide_transition&quot;:&quot;fade&quot;,&quot;background_slideshow_transition_duration&quot;:500}\" data-core-v316-plus=\"true\">\n\t\t\t\t\t<div class=\"e-con-inner\">\n\t\t\t\t\t<\/div>\n\t\t\t\t<\/div>\n\t\t<div class=\"elementor-element elementor-element-523f475 e-flex e-con-boxed e-con e-parent\" data-id=\"523f475\" data-element_type=\"container\" data-settings=\"{&quot;content_width&quot;:&quot;boxed&quot;}\" data-core-v316-plus=\"true\">\n\t\t\t\t\t<div class=\"e-con-inner\">\n\t\t\t\t<div class=\"elementor-element elementor-element-286caa7 elementor-widget elementor-widget-heading\" data-id=\"286caa7\" data-element_type=\"widget\" data-widget_type=\"heading.default\">\n\t\t\t\t<div class=\"elementor-widget-container\">\n\t\t\t<style>\/*! elementor - v3.16.0 - 14-09-2023 *\/\n.elementor-heading-title{padding:0;margin:0;line-height:1}.elementor-widget-heading .elementor-heading-title[class*=elementor-size-]>a{color:inherit;font-size:inherit;line-height:inherit}.elementor-widget-heading .elementor-heading-title.elementor-size-small{font-size:15px}.elementor-widget-heading .elementor-heading-title.elementor-size-medium{font-size:19px}.elementor-widget-heading .elementor-heading-title.elementor-size-large{font-size:29px}.elementor-widget-heading .elementor-heading-title.elementor-size-xl{font-size:39px}.elementor-widget-heading .elementor-heading-title.elementor-size-xxl{font-size:59px}<\/style><h2 class=\"elementor-heading-title elementor-size-default\">Imprezy w ANGELLO<\/h2>\t\t<\/div>\n\t\t\t\t<\/div>\n\t\t\t\t\t<\/div>\n\t\t\t\t<\/div>\n\t\t<div class=\"elementor-element elementor-element-c04c974 e-flex e-con-boxed e-con e-parent\" data-id=\"c04c974\" data-element_type=\"container\" data-settings=\"{&quot;content_width&quot;:&quot;boxed&quot;}\" data-core-v316-plus=\"true\">\n\t\t\t\t\t<div class=\"e-con-inner\">\n\t\t\t\t<div class=\"elementor-element elementor-element-95a4b21 elementor-widget elementor-widget-text-editor\" data-id=\"95a4b21\" data-element_type=\"widget\" data-widget_type=\"text-editor.default\">\n\t\t\t\t<div class=\"elementor-widget-container\">\n\t\t\t<style>\/*! elementor - v3.16.0 - 14-09-2023 *\/\n.elementor-widget-text-editor.elementor-drop-cap-view-stacked .elementor-drop-cap{background-color:#69727d;color:#fff}.elementor-widget-text-editor.elementor-drop-cap-view-framed .elementor-drop-cap{color:#69727d;border:3px solid;background-color:transparent}.elementor-widget-text-editor:not(.elementor-drop-cap-view-default) .elementor-drop-cap{margin-top:8px}.elementor-widget-text-editor:not(.elementor-drop-cap-view-default) .elementor-drop-cap-letter{width:1em;height:1em}.elementor-widget-text-editor .elementor-drop-cap{float:left;text-align:center;line-height:1;font-size:50px}.elementor-widget-text-editor .elementor-drop-cap-letter{display:inline-block}<\/style>\t\t\t\t<p>Zapraszamy do organizacji imprez w naszym lokalu:<\/p><ul><li>przyj\u0119cia weselne do 80 os\u00f3b,<\/li><\/ul>\t\t\t\t\t\t<\/div>\n\t\t\t\t<\/div>\n\t\t\t\t\t<\/div>\n\t\t\t\t<\/div>\n\t\t<div class=\"elementor-element elementor-element-d64c75c e-flex e-con-boxed e-con e-parent\" data-id=\"d64c75c\" data-element_type=\"container\" data-settings=\"{&quot;content_width&quot;:&quot;boxed&quot;}\" data-core-v316-plus=\"true\">\n\t\t\t\t\t<div class=\"e-con-inner\">\n\t\t\t\t<div class=\"elementor-element elementor-element-b09cb9e elementor-widget elementor-widget-image\" data-id=\"b09cb9e\" data-element_type=\"widget\" data-widget_type=\"image.default\">\n\t\t\t\t<div class=\"elementor-widget-container\">\n\t\t\t<style>\/*! elementor - v3.16.0 - 14-09-2023 *\/\n.elementor-widget-image{text-align:center}.elementor-widget-image a{display:inline-block}.elementor-widget-image a img[src$=\".svg\"]{width:48px}.elementor-widget-image img{vertical-align:middle;display:inline-block}<\/style>\t\t\t\t\t\t\t\t\t\t\t\t<img loading=\"lazy\" decoding=\"async\" width=\"1920\" height=\"1278\" src=\"http:\/\/angello-rogow.pl\/wp-content\/uploads\/2023\/09\/woman-4081760_1920.jpg\" class=\"attachment-full size-full wp-image-1172\" alt=\"\" srcset=\"http:\/\/angello-rogow.pl\/wp-content\/uploads\/2023\/09\/woman-4081760_1920.jpg 1920w, http:\/\/angello-rogow.pl\/wp-content\/uploads\/2023\/09\/woman-4081760_1920-300x200.jpg 300w, http:\/\/angello-rogow.pl\/wp-content\/uploads\/2023\/09\/woman-4081760_1920-1024x682.jpg 1024w, http:\/\/angello-rogow.pl\/wp-content\/uploads\/2023\/09\/woman-4081760_1920-768x511.jpg 768w, http:\/\/angello-rogow.pl\/wp-content\/uploads\/2023\/09\/woman-4081760_1920-1536x1022.jpg 1536w\" sizes=\"auto, (max-width: 1920px) 100vw, 1920px\" \/>\t\t\t\t\t\t\t\t\t\t\t\t\t\t\t<\/div>\n\t\t\t\t<\/div>\n\t\t\t\t\t<\/div>\n\t\t\t\t<\/div>\n\t\t<div class=\"elementor-element elementor-element-5732d0d e-flex e-con-boxed e-con e-parent\" data-id=\"5732d0d\" data-element_type=\"container\" data-settings=\"{&quot;content_width&quot;:&quot;boxed&quot;}\" data-core-v316-plus=\"true\">\n\t\t\t\t\t<div class=\"e-con-inner\">\n\t\t\t\t<div class=\"elementor-element elementor-element-2b9acd9 elementor-widget elementor-widget-text-editor\" data-id=\"2b9acd9\" data-element_type=\"widget\" data-widget_type=\"text-editor.default\">\n\t\t\t\t<div class=\"elementor-widget-container\">\n\t\t\t\t\t\t\t<ul><li>urodziny,<\/li><\/ul>\t\t\t\t\t\t<\/div>\n\t\t\t\t<\/div>\n\t\t\t\t\t<\/div>\n\t\t\t\t<\/div>\n\t\t<div class=\"elementor-element elementor-element-de35126 e-flex e-con-boxed e-con e-parent\" data-id=\"de35126\" data-element_type=\"container\" data-settings=\"{&quot;content_width&quot;:&quot;boxed&quot;}\" data-core-v316-plus=\"true\">\n\t\t\t\t\t<div class=\"e-con-inner\">\n\t\t\t\t<div class=\"elementor-element elementor-element-b308434 elementor-widget elementor-widget-image\" data-id=\"b308434\" data-element_type=\"widget\" data-widget_type=\"image.default\">\n\t\t\t\t<div class=\"elementor-widget-container\">\n\t\t\t\t\t\t\t\t\t\t\t\t\t\t\t<img loading=\"lazy\" decoding=\"async\" width=\"1920\" height=\"1280\" src=\"http:\/\/angello-rogow.pl\/wp-content\/uploads\/2023\/09\/cake-2338813_1920.jpg\" class=\"attachment-full size-full wp-image-1179\" alt=\"\" srcset=\"http:\/\/angello-rogow.pl\/wp-content\/uploads\/2023\/09\/cake-2338813_1920.jpg 1920w, http:\/\/angello-rogow.pl\/wp-content\/uploads\/2023\/09\/cake-2338813_1920-300x200.jpg 300w, http:\/\/angello-rogow.pl\/wp-content\/uploads\/2023\/09\/cake-2338813_1920-1024x683.jpg 1024w, http:\/\/angello-rogow.pl\/wp-content\/uploads\/2023\/09\/cake-2338813_1920-768x512.jpg 768w, http:\/\/angello-rogow.pl\/wp-content\/uploads\/2023\/09\/cake-2338813_1920-1536x1024.jpg 1536w\" sizes=\"auto, (max-width: 1920px) 100vw, 1920px\" \/>\t\t\t\t\t\t\t\t\t\t\t\t\t\t\t<\/div>\n\t\t\t\t<\/div>\n\t\t\t\t\t<\/div>\n\t\t\t\t<\/div>\n\t\t<div class=\"elementor-element elementor-element-d4c3104 e-flex e-con-boxed e-con e-parent\" data-id=\"d4c3104\" data-element_type=\"container\" data-settings=\"{&quot;content_width&quot;:&quot;boxed&quot;}\" data-core-v316-plus=\"true\">\n\t\t\t\t\t<div class=\"e-con-inner\">\n\t\t\t\t<div class=\"elementor-element elementor-element-3567681 elementor-widget elementor-widget-text-editor\" data-id=\"3567681\" data-element_type=\"widget\" data-widget_type=\"text-editor.default\">\n\t\t\t\t<div class=\"elementor-widget-container\">\n\t\t\t\t\t\t\t<ul><li>chrzciny,<\/li><\/ul>\t\t\t\t\t\t<\/div>\n\t\t\t\t<\/div>\n\t\t\t\t\t<\/div>\n\t\t\t\t<\/div>\n\t\t<div class=\"elementor-element elementor-element-179f79f e-flex e-con-boxed e-con e-parent\" data-id=\"179f79f\" data-element_type=\"container\" data-settings=\"{&quot;content_width&quot;:&quot;boxed&quot;}\" data-core-v316-plus=\"true\">\n\t\t\t\t\t<div class=\"e-con-inner\">\n\t\t\t\t<div class=\"elementor-element elementor-element-d933c6b elementor-widget elementor-widget-image\" data-id=\"d933c6b\" data-element_type=\"widget\" data-widget_type=\"image.default\">\n\t\t\t\t<div class=\"elementor-widget-container\">\n\t\t\t\t\t\t\t\t\t\t\t\t\t\t\t<img loading=\"lazy\" decoding=\"async\" width=\"1920\" height=\"1280\" src=\"http:\/\/angello-rogow.pl\/wp-content\/uploads\/2023\/09\/christening-1499314_1920.jpg\" class=\"attachment-full size-full wp-image-1183\" alt=\"\" srcset=\"http:\/\/angello-rogow.pl\/wp-content\/uploads\/2023\/09\/christening-1499314_1920.jpg 1920w, http:\/\/angello-rogow.pl\/wp-content\/uploads\/2023\/09\/christening-1499314_1920-300x200.jpg 300w, http:\/\/angello-rogow.pl\/wp-content\/uploads\/2023\/09\/christening-1499314_1920-1024x683.jpg 1024w, http:\/\/angello-rogow.pl\/wp-content\/uploads\/2023\/09\/christening-1499314_1920-768x512.jpg 768w, http:\/\/angello-rogow.pl\/wp-content\/uploads\/2023\/09\/christening-1499314_1920-1536x1024.jpg 1536w\" sizes=\"auto, (max-width: 1920px) 100vw, 1920px\" \/>\t\t\t\t\t\t\t\t\t\t\t\t\t\t\t<\/div>\n\t\t\t\t<\/div>\n\t\t\t\t\t<\/div>\n\t\t\t\t<\/div>\n\t\t<div class=\"elementor-element elementor-element-e78623d e-flex e-con-boxed e-con e-parent\" data-id=\"e78623d\" data-element_type=\"container\" data-settings=\"{&quot;content_width&quot;:&quot;boxed&quot;}\" data-core-v316-plus=\"true\">\n\t\t\t\t\t<div class=\"e-con-inner\">\n\t\t\t\t<div class=\"elementor-element elementor-element-ee9c431 elementor-widget elementor-widget-text-editor\" data-id=\"ee9c431\" data-element_type=\"widget\" data-widget_type=\"text-editor.default\">\n\t\t\t\t<div class=\"elementor-widget-container\">\n\t\t\t\t\t\t\t<ul><li>rocznice,<\/li><\/ul>\t\t\t\t\t\t<\/div>\n\t\t\t\t<\/div>\n\t\t\t\t\t<\/div>\n\t\t\t\t<\/div>\n\t\t<div class=\"elementor-element elementor-element-f90920b e-flex e-con-boxed e-con e-parent\" data-id=\"f90920b\" data-element_type=\"container\" data-settings=\"{&quot;content_width&quot;:&quot;boxed&quot;}\" data-core-v316-plus=\"true\">\n\t\t\t\t\t<div class=\"e-con-inner\">\n\t\t\t\t<div class=\"elementor-element elementor-element-8e28ea7 elementor-widget elementor-widget-image\" data-id=\"8e28ea7\" data-element_type=\"widget\" data-widget_type=\"image.default\">\n\t\t\t\t<div class=\"elementor-widget-container\">\n\t\t\t\t\t\t\t\t\t\t\t\t\t\t\t<img loading=\"lazy\" decoding=\"async\" width=\"1920\" height=\"1280\" src=\"http:\/\/angello-rogow.pl\/wp-content\/uploads\/2023\/09\/hand-5574694_1920.jpg\" class=\"attachment-full size-full wp-image-1185\" alt=\"\" srcset=\"http:\/\/angello-rogow.pl\/wp-content\/uploads\/2023\/09\/hand-5574694_1920.jpg 1920w, http:\/\/angello-rogow.pl\/wp-content\/uploads\/2023\/09\/hand-5574694_1920-300x200.jpg 300w, http:\/\/angello-rogow.pl\/wp-content\/uploads\/2023\/09\/hand-5574694_1920-1024x683.jpg 1024w, http:\/\/angello-rogow.pl\/wp-content\/uploads\/2023\/09\/hand-5574694_1920-768x512.jpg 768w, http:\/\/angello-rogow.pl\/wp-content\/uploads\/2023\/09\/hand-5574694_1920-1536x1024.jpg 1536w\" sizes=\"auto, (max-width: 1920px) 100vw, 1920px\" \/>\t\t\t\t\t\t\t\t\t\t\t\t\t\t\t<\/div>\n\t\t\t\t<\/div>\n\t\t\t\t\t<\/div>\n\t\t\t\t<\/div>\n\t\t<div class=\"elementor-element elementor-element-679231c e-flex e-con-boxed e-con e-parent\" data-id=\"679231c\" data-element_type=\"container\" data-settings=\"{&quot;content_width&quot;:&quot;boxed&quot;}\" data-core-v316-plus=\"true\">\n\t\t\t\t\t<div class=\"e-con-inner\">\n\t\t\t\t<div class=\"elementor-element elementor-element-1e17423 elementor-widget elementor-widget-text-editor\" data-id=\"1e17423\" data-element_type=\"widget\" data-widget_type=\"text-editor.default\">\n\t\t\t\t<div class=\"elementor-widget-container\">\n\t\t\t\t\t\t\t<ul><li>inne imprezy zamkni\u0119te.<\/li><\/ul>\t\t\t\t\t\t<\/div>\n\t\t\t\t<\/div>\n\t\t\t\t\t<\/div>\n\t\t\t\t<\/div>\n\t\t<div class=\"elementor-element elementor-element-0f18cf5 e-flex e-con-boxed e-con e-parent\" data-id=\"0f18cf5\" data-element_type=\"container\" data-settings=\"{&quot;content_width&quot;:&quot;boxed&quot;}\" data-core-v316-plus=\"true\">\n\t\t\t\t\t<div class=\"e-con-inner\">\n\t\t\t\t<div class=\"elementor-element elementor-element-b218471 elementor-widget elementor-widget-image\" data-id=\"b218471\" data-element_type=\"widget\" data-widget_type=\"image.default\">\n\t\t\t\t<div class=\"elementor-widget-container\">\n\t\t\t\t\t\t\t\t\t\t\t\t\t\t\t<img loading=\"lazy\" decoding=\"async\" width=\"1920\" height=\"1282\" src=\"http:\/\/angello-rogow.pl\/wp-content\/uploads\/2023\/09\/men-1854191_1920.jpg\" class=\"attachment-full size-full wp-image-1186\" alt=\"\" srcset=\"http:\/\/angello-rogow.pl\/wp-content\/uploads\/2023\/09\/men-1854191_1920.jpg 1920w, http:\/\/angello-rogow.pl\/wp-content\/uploads\/2023\/09\/men-1854191_1920-300x200.jpg 300w, http:\/\/angello-rogow.pl\/wp-content\/uploads\/2023\/09\/men-1854191_1920-1024x684.jpg 1024w, http:\/\/angello-rogow.pl\/wp-content\/uploads\/2023\/09\/men-1854191_1920-768x513.jpg 768w, http:\/\/angello-rogow.pl\/wp-content\/uploads\/2023\/09\/men-1854191_1920-1536x1026.jpg 1536w\" sizes=\"auto, (max-width: 1920px) 100vw, 1920px\" \/>\t\t\t\t\t\t\t\t\t\t\t\t\t\t\t<\/div>\n\t\t\t\t<\/div>\n\t\t\t\t\t<\/div>\n\t\t\t\t<\/div>\n\t\t<div class=\"elementor-element elementor-element-2660c25 e-flex e-con-boxed e-con e-parent\" data-id=\"2660c25\" data-element_type=\"container\" data-settings=\"{&quot;content_width&quot;:&quot;boxed&quot;}\" data-core-v316-plus=\"true\">\n\t\t\t\t\t<div class=\"e-con-inner\">\n\t\t\t\t\t<\/div>\n\t\t\t\t<\/div>\n\t\t\t\t\t\t\t<\/div>\n\t\t","protected":false},"excerpt":{"rendered":"<p>Imprezy w ANGELLO Zapraszamy do organizacji imprez w naszym lokalu: przyj\u0119cia weselne do 80 os\u00f3b, urodziny, chrzciny, rocznice, inne imprezy zamkni\u0119te.<\/p>\n","protected":false},"author":1,"featured_media":0,"parent":0,"menu_order":0,"comment_status":"closed","ping_status":"closed","template":"","meta":{"_kad_post_transparent":"","_kad_post_title":"hide","_kad_post_layout":"fullwidth","_kad_post_sidebar_id":"","_kad_post_content_style":"unboxed","_kad_post_vertical_padding":"hide","_kad_post_feature":"hide","_kad_post_feature_position":"","_kad_post_header":false,"_kad_post_footer":false,"footnotes":""},"class_list":["post-1063","page","type-page","status-publish","hentry"],"yoast_head":"<!-- This site is optimized with the Yoast SEO plugin v21.1 - https:\/\/yoast.com\/wordpress\/plugins\/seo\/ -->\n<title>Nasza oferta - ANGELLO | Dom Przyj\u0119\u0107 w Rogowie<\/title>\n<meta name=\"description\" content=\"Zapraszamy do zapoznania si\u0119 z ofert\u0105 Kawiarni ANGELLO\" \/>\n<meta name=\"robots\" content=\"index, follow, max-snippet:-1, max-image-preview:large, max-video-preview:-1\" \/>\n<link rel=\"canonical\" href=\"http:\/\/angello-rogow.pl\/?page_id=1063\" \/>\n<meta property=\"og:locale\" content=\"pl_PL\" \/>\n<meta property=\"og:type\" content=\"article\" \/>\n<meta property=\"og:title\" content=\"Nasza oferta - ANGELLO | Dom Przyj\u0119\u0107 w Rogowie\" \/>\n<meta property=\"og:description\" content=\"Zapraszamy do zapoznania si\u0119 z ofert\u0105 Kawiarni ANGELLO\" \/>\n<meta property=\"og:url\" content=\"http:\/\/angello-rogow.pl\/?page_id=1063\" \/>\n<meta property=\"og:site_name\" content=\"ANGELLO | Dom Przyj\u0119\u0107 w Rogowie\" \/>\n<meta property=\"article:modified_time\" content=\"2023-09-19T05:52:45+00:00\" \/>\n<meta property=\"og:image\" content=\"http:\/\/angello-rogow.pl\/wp-content\/uploads\/2023\/09\/woman-4081760_1920.jpg\" \/>\n<meta name=\"twitter:card\" content=\"summary_large_image\" \/>\n<meta name=\"twitter:label1\" content=\"Szacowany czas czytania\" \/>\n\t<meta name=\"twitter:data1\" content=\"2 minuty\" \/>\n<script type=\"application\/ld+json\" class=\"yoast-schema-graph\">{\"@context\":\"https:\/\/schema.org\",\"@graph\":[{\"@type\":\"WebPage\",\"@id\":\"http:\/\/angello-rogow.pl\/?page_id=1063\",\"url\":\"http:\/\/angello-rogow.pl\/?page_id=1063\",\"name\":\"Nasza oferta - ANGELLO | Dom Przyj\u0119\u0107 w Rogowie\",\"isPartOf\":{\"@id\":\"http:\/\/angello-rogow.pl\/#website\"},\"datePublished\":\"2023-09-17T10:14:02+00:00\",\"dateModified\":\"2023-09-19T05:52:45+00:00\",\"description\":\"Zapraszamy do zapoznania si\u0119 z ofert\u0105 Kawiarni ANGELLO\",\"breadcrumb\":{\"@id\":\"http:\/\/angello-rogow.pl\/?page_id=1063#breadcrumb\"},\"inLanguage\":\"pl-PL\",\"potentialAction\":[{\"@type\":\"ReadAction\",\"target\":[\"http:\/\/angello-rogow.pl\/?page_id=1063\"]}]},{\"@type\":\"BreadcrumbList\",\"@id\":\"http:\/\/angello-rogow.pl\/?page_id=1063#breadcrumb\",\"itemListElement\":[{\"@type\":\"ListItem\",\"position\":1,\"name\":\"Home\",\"item\":\"http:\/\/angello-rogow.pl\/\"},{\"@type\":\"ListItem\",\"position\":2,\"name\":\"Nasza oferta\"}]},{\"@type\":\"WebSite\",\"@id\":\"http:\/\/angello-rogow.pl\/#website\",\"url\":\"http:\/\/angello-rogow.pl\/\",\"name\":\"Kawiarnia ANGELLO | Rog\u00f3w\",\"description\":\"\",\"publisher\":{\"@id\":\"http:\/\/angello-rogow.pl\/#organization\"},\"potentialAction\":[{\"@type\":\"SearchAction\",\"target\":{\"@type\":\"EntryPoint\",\"urlTemplate\":\"http:\/\/angello-rogow.pl\/?s={search_term_string}\"},\"query-input\":\"required name=search_term_string\"}],\"inLanguage\":\"pl-PL\"},{\"@type\":\"Organization\",\"@id\":\"http:\/\/angello-rogow.pl\/#organization\",\"name\":\"Kawiarnia Angello\",\"url\":\"http:\/\/angello-rogow.pl\/\",\"logo\":{\"@type\":\"ImageObject\",\"inLanguage\":\"pl-PL\",\"@id\":\"http:\/\/angello-rogow.pl\/#\/schema\/logo\/image\/\",\"url\":\"http:\/\/angello-rogow.pl\/wp-content\/uploads\/2023\/09\/cropped-Logo-Angello-2.png\",\"contentUrl\":\"http:\/\/angello-rogow.pl\/wp-content\/uploads\/2023\/09\/cropped-Logo-Angello-2.png\",\"width\":1082,\"height\":430,\"caption\":\"Kawiarnia Angello\"},\"image\":{\"@id\":\"http:\/\/angello-rogow.pl\/#\/schema\/logo\/image\/\"}}]}<\/script>\n<!-- \/ Yoast SEO plugin. -->","yoast_head_json":{"title":"Nasza oferta - ANGELLO | Dom Przyj\u0119\u0107 w Rogowie","description":"Zapraszamy do zapoznania si\u0119 z ofert\u0105 Kawiarni ANGELLO","robots":{"index":"index","follow":"follow","max-snippet":"max-snippet:-1","max-image-preview":"max-image-preview:large","max-video-preview":"max-video-preview:-1"},"canonical":"http:\/\/angello-rogow.pl\/?page_id=1063","og_locale":"pl_PL","og_type":"article","og_title":"Nasza oferta - ANGELLO | Dom Przyj\u0119\u0107 w Rogowie","og_description":"Zapraszamy do zapoznania si\u0119 z ofert\u0105 Kawiarni ANGELLO","og_url":"http:\/\/angello-rogow.pl\/?page_id=1063","og_site_name":"ANGELLO | Dom Przyj\u0119\u0107 w Rogowie","article_modified_time":"2023-09-19T05:52:45+00:00","og_image":[{"url":"http:\/\/angello-rogow.pl\/wp-content\/uploads\/2023\/09\/woman-4081760_1920.jpg"}],"twitter_card":"summary_large_image","twitter_misc":{"Szacowany czas czytania":"2 minuty"},"schema":{"@context":"https:\/\/schema.org","@graph":[{"@type":"WebPage","@id":"http:\/\/angello-rogow.pl\/?page_id=1063","url":"http:\/\/angello-rogow.pl\/?page_id=1063","name":"Nasza oferta - ANGELLO | Dom Przyj\u0119\u0107 w Rogowie","isPartOf":{"@id":"http:\/\/angello-rogow.pl\/#website"},"datePublished":"2023-09-17T10:14:02+00:00","dateModified":"2023-09-19T05:52:45+00:00","description":"Zapraszamy do zapoznania si\u0119 z ofert\u0105 Kawiarni ANGELLO","breadcrumb":{"@id":"http:\/\/angello-rogow.pl\/?page_id=1063#breadcrumb"},"inLanguage":"pl-PL","potentialAction":[{"@type":"ReadAction","target":["http:\/\/angello-rogow.pl\/?page_id=1063"]}]},{"@type":"BreadcrumbList","@id":"http:\/\/angello-rogow.pl\/?page_id=1063#breadcrumb","itemListElement":[{"@type":"ListItem","position":1,"name":"Home","item":"http:\/\/angello-rogow.pl\/"},{"@type":"ListItem","position":2,"name":"Nasza oferta"}]},{"@type":"WebSite","@id":"http:\/\/angello-rogow.pl\/#website","url":"http:\/\/angello-rogow.pl\/","name":"Kawiarnia ANGELLO | Rog\u00f3w","description":"","publisher":{"@id":"http:\/\/angello-rogow.pl\/#organization"},"potentialAction":[{"@type":"SearchAction","target":{"@type":"EntryPoint","urlTemplate":"http:\/\/angello-rogow.pl\/?s={search_term_string}"},"query-input":"required name=search_term_string"}],"inLanguage":"pl-PL"},{"@type":"Organization","@id":"http:\/\/angello-rogow.pl\/#organization","name":"Kawiarnia Angello","url":"http:\/\/angello-rogow.pl\/","logo":{"@type":"ImageObject","inLanguage":"pl-PL","@id":"http:\/\/angello-rogow.pl\/#\/schema\/logo\/image\/","url":"http:\/\/angello-rogow.pl\/wp-content\/uploads\/2023\/09\/cropped-Logo-Angello-2.png","contentUrl":"http:\/\/angello-rogow.pl\/wp-content\/uploads\/2023\/09\/cropped-Logo-Angello-2.png","width":1082,"height":430,"caption":"Kawiarnia Angello"},"image":{"@id":"http:\/\/angello-rogow.pl\/#\/schema\/logo\/image\/"}}]}},"_links":{"self":[{"href":"http:\/\/angello-rogow.pl\/index.php?rest_route=\/wp\/v2\/pages\/1063","targetHints":{"allow":["GET"]}}],"collection":[{"href":"http:\/\/angello-rogow.pl\/index.php?rest_route=\/wp\/v2\/pages"}],"about":[{"href":"http:\/\/angello-rogow.pl\/index.php?rest_route=\/wp\/v2\/types\/page"}],"author":[{"embeddable":true,"href":"http:\/\/angello-rogow.pl\/index.php?rest_route=\/wp\/v2\/users\/1"}],"replies":[{"embeddable":true,"href":"http:\/\/angello-rogow.pl\/index.php?rest_route=%2Fwp%2Fv2%2Fcomments&post=1063"}],"version-history":[{"count":26,"href":"http:\/\/angello-rogow.pl\/index.php?rest_route=\/wp\/v2\/pages\/1063\/revisions"}],"predecessor-version":[{"id":1189,"href":"http:\/\/angello-rogow.pl\/index.php?rest_route=\/wp\/v2\/pages\/1063\/revisions\/1189"}],"wp:attachment":[{"href":"http:\/\/angello-rogow.pl\/index.php?rest_route=%2Fwp%2Fv2%2Fmedia&parent=1063"}],"curies":[{"name":"wp","href":"https:\/\/api.w.org\/{rel}","templated":true}]}}